{"id":36451,"date":"2020-01-30T19:17:30","date_gmt":"2020-01-30T18:17:30","guid":{"rendered":"https:\/\/www.my-netti.com\/about-netti-campus\/"},"modified":"2020-06-08T13:44:02","modified_gmt":"2020-06-08T11:44:02","slug":"om-netti-campus","status":"publish","type":"page","link":"https:\/\/www.my-netti.com\/da\/om-netti-campus\/","title":{"rendered":"Om Netti Campus"},"content":{"rendered":"","protected":false},"excerpt":{"rendered":"","protected":false},"author":4,"featured_media":0,"parent":0,"menu_order":8,"comment_status":"closed","ping_status":"closed","template":"views\/template-modules.blade.php","meta":{"_seopress_robots_primary_cat":"","_seopress_titles_title":"","_seopress_titles_desc":"We offer a wide range of seminars focusing on knowledge about optimum seating solutions and other topics around the wheelchair. The seminars can be inhouse seminars on demand or you can attend one of the open seminars we offer throughout the year.","_seopress_robots_index":"","_relevanssi_hide_post":"","_relevanssi_hide_content":"","_relevanssi_pin_for_all":"","_relevanssi_pin_keywords":"","_relevanssi_unpin_keywords":"","_relevanssi_related_keywords":"","_relevanssi_related_include_ids":"","_relevanssi_related_exclude_ids":"","_relevanssi_related_no_append":"","_relevanssi_related_not_related":"","_relevanssi_related_posts":"","_relevanssi_noindex_reason":"","footnotes":""},"class_list":["post-36451","page","type-page","status-publish","hentry"],"app_templates_compare_top_banner_title":"","app_templates_compare_top_banner_body":"","app_templates_compare_top_banner_image":"","app_templates_compare_top_banner_color":"white","app_templates_compare_top_banner_overlay":true,"app_templates_compare_top_banner_hide":false,"app_templates_cookie_policy_top_banner_title":"","app_templates_cookie_policy_top_banner_body":"","app_templates_cookie_policy_top_banner_image":"","app_templates_cookie_policy_top_banner_color":"white","app_templates_cookie_policy_top_banner_overlay":true,"app_templates_cookie_policy_top_banner_hide":false,"app_templates_home_page_home_banner_slides":[],"app_templates_home_page_home_banner_html":"","app_templates_home_page_link_boxes_boxes":[],"app_templates_home_page_link_boxes_cta_box_show_cta":true,"app_templates_home_page_link_boxes_cta_box_title":"","app_templates_home_page_link_boxes_cta_box_body":"","app_templates_home_page_link_boxes_cta_box_icon":"","app_templates_home_page_link_boxes_cta_box_link":{"value":"","url":"","anchor":"","blank":0},"app_templates_home_page_link_boxes_cta_box_html":"","app_templates_home_page_media_text_box_image":"","app_templates_home_page_media_text_box_full_width":false,"app_templates_home_page_media_text_box_pretitle":"","app_templates_home_page_media_text_box_title":"","app_templates_home_page_media_text_box_body":"","app_templates_home_page_media_text_box_link":{"value":"","url":"","anchor":"","blank":0},"app_templates_home_page_media_text_box_hide":false,"app_templates_home_page_article_slider_title":"Relaterede artikeler","app_templates_home_page_article_slider_show_latest":false,"app_templates_home_page_article_slider_articles":[],"app_templates_home_page_product_slider_title":"Relaterede produkter","app_templates_home_page_product_slider_product_kind":"wheelchairs","app_templates_home_page_product_slider_wheelchairs":[],"app_templates_home_page_product_slider_spare_parts":[],"app_templates_home_page_product_slider_all":[],"app_templates_home_page_product_slider_hide_info":false,"app_templates_modules_top_banner_title":"  ","app_templates_modules_top_banner_body":"","app_templates_modules_top_banner_image":"2397","app_templates_modules_top_banner_color":"white","app_templates_modules_top_banner_overlay":false,"app_templates_modules_top_banner_hide":false,"app_templates_modules_modules_modules":[{"_type":"content","title":"P\u00e5 Netti Campus deler vi vores viden","content":"Vi bruger best-practice, WHO\u2019s forskning samt anbefalinger for at skabe den bedst mulige l\u00f8sning. Vi deler med forn\u00f8jelse vores viden med dig, n\u00e5r du deltager p\u00e5 Netti Campus. Vi har opdelt vores viden i f\u00f8lgende hovedomr\u00e5der:","text_align":"text-center","columns":1},{"_type":"content","title":"","content":"<ul>\r\n \t<li><strong>Rammestruktur: <\/strong>Forst\u00e5 udbud og\/eller refusionssystem, love og regler p\u00e5 dit marked.<\/li>\r\n \t<li><strong>K\u00f8restolsbrugeren:\u00a0<\/strong>L\u00e6r hvordan du vurderer brugerens kliniske billede, symptomer og muligheder<\/li>\r\n \t<li><strong>Siddepositionering: <\/strong>Forst\u00e5 biomekanik, og hvordan man skaber den optimale siddeposition<\/li>\r\n \t<li><strong>Produkter: <\/strong>L\u00e6r om produkterne, deres funktioner og hvordan man konfigurerer disse for at skabe den optimale siddel\u00f8sning<\/li>\r\n<\/ul>\r\n<a href=\"https:\/\/www.my-netti.com\/da\/netti-campus-seminarer\/\"><img class=\"alignnone wp-image-44915\" src=\"\/app\/uploads\/2020\/06\/Netti-Campus-DK-600x103.jpg\" alt=\"\" width=\"628\" height=\"108\" \/><\/a>","text_align":"text-left","columns":1},{"_type":"content","title":"Hvorfor bruge Netti Metoden?","content":"Alle mennesker er unikke. Derfor har du brug for et dybdeg\u00e5ende kendskab til alle de faktorer, der p\u00e5virker brugerens siddestilling samt kendskab til de rigtige vurderingsteknikker for at skabe en optimal siddel\u00f8sning.\r\n\r\nFor at hj\u00e6lpe dig, har vi skabt \u201dthe Netti Method\u201d, som er fundamentet for alle vores seminarer.","text_align":"text-left","columns":1},{"_type":"media_text","title":"Skab den optimale siddel\u00f8sning","body":"N\u00e5r vi lykkes med den bedste siddel\u00f8sning, skaber du tilfredse kunder med optimale l\u00f8sninger. Du vil h\u00f8jst sandsynligt kunne reducere slitage p\u00e5 stolen og samtidig sikre en mere sikker, enkel og intuitiv brug af stolen.","image":"1711","image_link":{"value":"","url":"","anchor":"","blank":"0"},"link":{"value":"","url":"","anchor":"","blank":"0"},"circle":false,"direction":"flex-row"},{"_type":"media_text","title":"\u00d8ge livskvaliteten","body":"Form\u00e5let med at skabe den perfekte siddel\u00f8sning er, at forbedre brugerens livskvalitet ved at fokusere p\u00e5 uafh\u00e6ngighed, sikkerhed, mobilitet og sociale relationer. Den rette stol med det rette tilbeh\u00f8r muligg\u00f8r, at brugeren kan sidde oprejst i l\u00e6ngere perioder.\r\n\r\nVed at sidde oprejst i l\u00e6ngere perioder kan brugeren bedre deltage i det daglige liv og i till\u00e6g opleve bedre vitale funktioner s\u00e5som ford\u00f8jelse, spisning, drikning og bedre kommunikation.","image":"1849","image_link":{"value":"","url":"","anchor":"","blank":"0"},"link":{"value":"","url":"","anchor":"","blank":"0"},"circle":false,"direction":"flex-row"},{"_type":"media_text","title":"","body":"","image":"","image_link":{"value":"","url":"","anchor":"","blank":"0"},"link":{"value":"","url":"\/da\/the-netti-method\/","anchor":"L\u00e6s mere om The Netti Method","blank":"0"},"circle":false,"direction":"flex-row"}],"app_templates_modules_product_items_product":[],"_links":{"self":[{"href":"https:\/\/www.my-netti.com\/da\/wp-json\/wp\/v2\/pages\/36451","targetHints":{"allow":["GET"]}}],"collection":[{"href":"https:\/\/www.my-netti.com\/da\/wp-json\/wp\/v2\/pages"}],"about":[{"href":"https:\/\/www.my-netti.com\/da\/wp-json\/wp\/v2\/types\/page"}],"author":[{"embeddable":true,"href":"https:\/\/www.my-netti.com\/da\/wp-json\/wp\/v2\/users\/4"}],"replies":[{"embeddable":true,"href":"https:\/\/www.my-netti.com\/da\/wp-json\/wp\/v2\/comments?post=36451"}],"version-history":[{"count":16,"href":"https:\/\/www.my-netti.com\/da\/wp-json\/wp\/v2\/pages\/36451\/revisions"}],"predecessor-version":[{"id":44924,"href":"https:\/\/www.my-netti.com\/da\/wp-json\/wp\/v2\/pages\/36451\/revisions\/44924"}],"wp:attachment":[{"href":"https:\/\/www.my-netti.com\/da\/wp-json\/wp\/v2\/media?parent=36451"}],"curies":[{"name":"wp","href":"https:\/\/api.w.org\/{rel}","templated":true}]}}