{"id":36410,"date":"2020-02-07T10:42:28","date_gmt":"2020-02-07T09:42:28","guid":{"rendered":"https:\/\/www.my-netti.com\/how-to-take-measurement-for-your-wheelchair\/"},"modified":"2020-04-24T10:50:03","modified_gmt":"2020-04-24T08:50:03","slug":"saadan-tages-der-maal-til-koerestolen","status":"publish","type":"page","link":"https:\/\/www.my-netti.com\/da\/saadan-tages-der-maal-til-koerestolen\/","title":{"rendered":"S\u00e5dan tager du m\u00e5l til k\u00f8restolen"},"content":{"rendered":"","protected":false},"excerpt":{"rendered":"","protected":false},"author":4,"featured_media":0,"parent":0,"menu_order":6,"comment_status":"closed","ping_status":"closed","template":"views\/template-modules.blade.php","meta":{"_seopress_robots_primary_cat":"","_seopress_titles_title":"","_seopress_titles_desc":"","_seopress_robots_index":"","_relevanssi_hide_post":"","_relevanssi_hide_content":"","_relevanssi_pin_for_all":"","_relevanssi_pin_keywords":"","_relevanssi_unpin_keywords":"","_relevanssi_related_keywords":"","_relevanssi_related_include_ids":"","_relevanssi_related_exclude_ids":"","_relevanssi_related_no_append":"","_relevanssi_related_not_related":"","_relevanssi_related_posts":"","_relevanssi_noindex_reason":"","footnotes":""},"class_list":["post-36410","page","type-page","status-publish","hentry"],"app_templates_compare_top_banner_title":"","app_templates_compare_top_banner_body":"","app_templates_compare_top_banner_image":"","app_templates_compare_top_banner_color":"white","app_templates_compare_top_banner_overlay":true,"app_templates_compare_top_banner_hide":false,"app_templates_cookie_policy_top_banner_title":"","app_templates_cookie_policy_top_banner_body":"","app_templates_cookie_policy_top_banner_image":"","app_templates_cookie_policy_top_banner_color":"white","app_templates_cookie_policy_top_banner_overlay":true,"app_templates_cookie_policy_top_banner_hide":false,"app_templates_home_page_home_banner_slides":[],"app_templates_home_page_home_banner_html":"","app_templates_home_page_link_boxes_boxes":[],"app_templates_home_page_link_boxes_cta_box_show_cta":true,"app_templates_home_page_link_boxes_cta_box_title":"","app_templates_home_page_link_boxes_cta_box_body":"","app_templates_home_page_link_boxes_cta_box_icon":"","app_templates_home_page_link_boxes_cta_box_link":{"value":"","url":"","anchor":"","blank":0},"app_templates_home_page_link_boxes_cta_box_html":"","app_templates_home_page_media_text_box_image":"","app_templates_home_page_media_text_box_full_width":false,"app_templates_home_page_media_text_box_pretitle":"","app_templates_home_page_media_text_box_title":"","app_templates_home_page_media_text_box_body":"","app_templates_home_page_media_text_box_link":{"value":"","url":"","anchor":"","blank":0},"app_templates_home_page_media_text_box_hide":false,"app_templates_home_page_article_slider_title":"Relaterede artikeler","app_templates_home_page_article_slider_show_latest":false,"app_templates_home_page_article_slider_articles":[],"app_templates_home_page_product_slider_title":"Relaterede produkter","app_templates_home_page_product_slider_product_kind":"wheelchairs","app_templates_home_page_product_slider_wheelchairs":[],"app_templates_home_page_product_slider_spare_parts":[],"app_templates_home_page_product_slider_all":[],"app_templates_home_page_product_slider_hide_info":false,"app_templates_modules_top_banner_title":"   ","app_templates_modules_top_banner_body":"","app_templates_modules_top_banner_image":"3359","app_templates_modules_top_banner_color":"white","app_templates_modules_top_banner_overlay":false,"app_templates_modules_top_banner_hide":false,"app_templates_modules_modules_modules":[{"_type":"content","title":"S\u00e5dan tager du m\u00e5l til k\u00f8restolen","content":"En korrekt tilpasset k\u00f8restol er vigtig, s\u00e5 brugeren s\u00e5 vidt muligt kan opretholde deltagelsen i dagligdagens aktiviteter. En k\u00f8restol er et forflytningshj\u00e6lpemiddel, som prim\u00e6rt skal kompensere for tabt gangfunktion. En bruger af en komfortk\u00f8restol sidder i gennemsnit dagligt 8-10 timer i k\u00f8restolen. Af den grund er det vigtigt at k\u00f8restolen, udover gode k\u00f8reegenskaber, har god siddekomfort samt giver mulighed for variation mellem aktivitet og hvile. I afsnittene nedenfor kan du se, hvordan du finder den rigtige st\u00f8rrelse p\u00e5 k\u00f8restolen.","text_align":"text-center","columns":1},{"_type":"media_text","title":"S\u00e6debredde","body":"<strong>A:<\/strong> Det er vigtigt med rigtig m\u00e5ltagning for at sikre stabilitet for b\u00e6kken og hofter. K\u00f8restolen b\u00f8r v\u00e6re s\u00e5 smal som mulig, s\u00e5 der opn\u00e5s en god sidde- og k\u00f8restilling.\r\nS\u00e6debredden m\u00e5les i en ret linie over den bredeste del af hoften i siddende stilling. L\u00e6g 2-3 cm til. Vigtigt: Husk at den opgivede s\u00e6debredde p\u00e5 Netti I, II og III k\u00f8restolene indkludere afstanden mellem sidepolstring og s\u00e6depladen. Dette modsvarer de 2-3 cm, som man ellers skulle l\u00e6gge til. Husk ogs\u00e5 at tage hensyn til om, k\u00f8restolen skal benyttes indend\u00f8rs eller udend\u00f8rs og der evt. skal v\u00e6re plads til vintert\u00f8j.","image":"3286","image_link":{"value":"","url":"","anchor":"","blank":"0"},"link":{"value":"","url":"","anchor":"","blank":"0"},"circle":false,"direction":"flex-row"},{"_type":"media_text","title":"L\u00e5rl\u00e6ngde\u200a\/\u200as\u00e6dedybde","body":"<strong>B:<\/strong> Med rigtig m\u00e5ltagning opn\u00e5s en optimal trykfordeling, samtidig forebygger vi at brugeren glider ud af stolen.\r\nL\u00e6ngden af l\u00e5ret m\u00e5les fra bagerste punkt p\u00e5 bagenden og frem til kn\u00e6haserne, hvorefter der tr\u00e6kkes ca. 3 cm eller 2 fingerbredder fra, s\u00e5 l\u00e6ggen ikke har kontakt til siddepuden. Skal stolen bruges til at g\u00e5 frem, tr\u00e6kkes yderligere et par cm fra. Ved benl\u00e6ngdeforskel, tag da hensyn til det korteste ben. Har brugeren kontraktur i kn\u00e6et, pas p\u00e5 at l\u00e6ggen ikke kommer i konflikt med siddepuden eller underliggende rammekonstruktion.","image":"3281","image_link":{"value":"","url":"","anchor":"","blank":"0"},"link":{"value":"","url":"","anchor":"","blank":"0"},"circle":false,"direction":"flex-row"},{"_type":"media_text","title":"M\u00e5ling af s\u00e6dedybde til bariatriske brugere","body":"<strong>X: <\/strong>Ved dimensionering af s\u00e6dedybden for en person med en h\u00f8j v\u00e6gt, vil bagdelen normalt g\u00e5 lidt l\u00e6ngere bagud end den lodrette linje fra skulderbladene og ned (se omr\u00e5det x). For at give brugeren af \u200b\u200bk\u00f8restolen en optimal rygst\u00f8tte, skal rygpuden placeres foran omr\u00e5de X. For at give en tilstr\u00e6kkelig s\u00e6dedybde og stillingsst\u00f8tte, skal k\u00f8restolens rygst\u00f8tte kunne give plads til omr\u00e5de X. Derfor anbefales justerbare stropper.\r\n\r\n<strong>B: <\/strong>M\u00e5l s\u00e6dedybden B. Dette er s\u00e6dedybden, du har brug for til k\u00f8restolen.","image":"3264","image_link":{"value":"","url":"","anchor":"","blank":"0"},"link":{"value":"","url":"","anchor":"","blank":"0"},"circle":false,"direction":"flex-row"},{"_type":"media_text","title":"H\u00f8jde p\u00e5 arml\u00e6n","body":"<strong>C:<\/strong> N\u00e5r man sidder ned i l\u00e6ngere tid, bliver muskulaturen i ryggen belastet og man har behov for aflastning. Rigtig h\u00f8jde p\u00e5 arml\u00e6n giver en god siddestilling og muligg\u00f8r forandring af siddestillingen.\r\nM\u00e5l h\u00f8jden fra under albuen og ned til siddeunderlaget. V\u00e6r opm\u00e6rksom p\u00e5 om skulderen er afslappet.","image":"3296","image_link":{"value":"","url":"","anchor":"","blank":"0"},"link":{"value":"","url":"","anchor":"","blank":"0"},"circle":false,"direction":"flex-row"},{"_type":"media_text","title":"Benl\u00e6ngde\u200a\/\u200as\u00e6deh\u00f8jde","body":"<strong>D:<\/strong> Med rigtig m\u00e5ltagning bliver b\u00e6kkenet stabiliseret og der bliver en j\u00e6vn trykfordeling, samt rigtig afstand mellem fodst\u00f8tter og underlaget.\r\nBenl\u00e6ngden m\u00e5les fra kn\u00e6hasen og vinkelret til under h\u00e6len. Vigtigt: M\u00e5let tages som udgangspunkt i det skot\u00f8j som brugeren benytter til dagligt. S\u00e6deh\u00f8jden vil v\u00e6re afh\u00e6ngig af, om brugeren bruger benene til at g\u00e5 stolen frem, eller om brugeren skal bruge fodst\u00f8tterne. Hvis brugeren skal g\u00e5 stolen frem, b\u00f8r s\u00e6deh\u00f8jden p\u00e5 k\u00f8restolen v\u00e6re 2-3 cm lavere end opm\u00e5lt benl\u00e6ngde. Hvis brugeren skal bruge fodst\u00f8tter, kan s\u00e6deh\u00f8jden p\u00e5 k\u00f8restolen v\u00e6re 4-5 cm h\u00f8jere end opm\u00e5lt benl\u00e6ngde, s\u00e5 fodhvilerne ikke skraber mod underlaget.","image":"3306","image_link":{"value":"","url":"","anchor":"","blank":"0"},"link":{"value":"","url":"","anchor":"","blank":"0"},"circle":false,"direction":"flex-row"},{"_type":"media_text","title":"Overvejelser om s\u00e6deh\u00f8jde","body":"S\u00e6deh\u00f8jde afh\u00e6nger af, om brugeren kan k\u00f8re stolen frem med benene eller altid bruge benst\u00f8tterne. Hvis brugeren har til hensigt at k\u00f8re stolen frem med f\u00f8dderne, skal h\u00f8jden p\u00e5 k\u00f8restols\u00e6det v\u00e6re 20-30 mm lavere end den m\u00e5lte benl\u00e6ngde. Hvis brugeren agter at bruge benst\u00f8tterne, skal k\u00f8restolens s\u00e6deh\u00f8jde v\u00e6re h\u00f8jere. Det frie rum under fodpladerne skal v\u00e6re 20-30 mm, n\u00e5r man k\u00f8rer indend\u00f8rs og 40-50 mm, n\u00e5r man k\u00f8rer udend\u00f8rs.","image":"3311","image_link":{"value":"","url":"","anchor":"","blank":"0"},"link":{"value":"","url":"","anchor":"","blank":"0"},"circle":false,"direction":"flex-row"},{"_type":"media_text","title":"Rygh\u00f8jde","body":"<strong>E:<\/strong> Rygh\u00f8jden m\u00e5les siddende fra s\u00e6det og op til under skulderbladet. Alle Netti k\u00f8restolene kan leveres med flere typer af rygpuder i forskellige rygh\u00f8jder fra 40-60 cm. Alle Netti k\u00f8restolene har velcroryg og rygpuderne kan derfor trinl\u00f8st justeres i h\u00f8jden.\r\nHvis brugeren skal benytte armene til at k\u00f8re k\u00f8restolen, er det vigtigt at rygpuden ikke h\u00e6mmer bev\u00e6gelse i armene og skuldrene. Rigtig rygh\u00f8jde sikrer ogs\u00e5 god komfort og aflastning af ryggen. Netti rygpuderne giver god plads til armbev\u00e6gelser.","image":"3317","image_link":{"value":"","url":"","anchor":"","blank":"0"},"link":{"value":"","url":"","anchor":"","blank":"0"},"circle":false,"direction":"flex-row"},{"_type":"media_text","title":"Brystkassens m\u00e5l","body":"<strong>F:<\/strong> Till bestemmelse af kroppens bredde m\u00e5les vandret i brysth\u00f8jde. M\u00e5let bruges til korrekt anbringelsen af thorax pelotter eller til vurdering af rygpudens bredde ved forsyning af rygpuder med integrerede sidest\u00f8tter, s\u00e5som Netti Smart, Stabil, Super Stabil eller Kyphotic. For at undg\u00e5 tryks\u00e5r er det vigtigt ikke at have for smal en rygpude. Skulle der v\u00e6re for stor afstand i siderne (mere end 3 cm per side) anbefales det, at man anvender en rygkile.","image":"3322","image_link":{"value":"","url":"","anchor":"","blank":"0"},"link":{"value":"","url":"","anchor":"","blank":"0"},"circle":false,"direction":"flex-row"}],"app_templates_modules_product_items_product":[],"_links":{"self":[{"href":"https:\/\/www.my-netti.com\/da\/wp-json\/wp\/v2\/pages\/36410","targetHints":{"allow":["GET"]}}],"collection":[{"href":"https:\/\/www.my-netti.com\/da\/wp-json\/wp\/v2\/pages"}],"about":[{"href":"https:\/\/www.my-netti.com\/da\/wp-json\/wp\/v2\/types\/page"}],"author":[{"embeddable":true,"href":"https:\/\/www.my-netti.com\/da\/wp-json\/wp\/v2\/users\/4"}],"replies":[{"embeddable":true,"href":"https:\/\/www.my-netti.com\/da\/wp-json\/wp\/v2\/comments?post=36410"}],"version-history":[{"count":6,"href":"https:\/\/www.my-netti.com\/da\/wp-json\/wp\/v2\/pages\/36410\/revisions"}],"predecessor-version":[{"id":37835,"href":"https:\/\/www.my-netti.com\/da\/wp-json\/wp\/v2\/pages\/36410\/revisions\/37835"}],"wp:attachment":[{"href":"https:\/\/www.my-netti.com\/da\/wp-json\/wp\/v2\/media?parent=36410"}],"curies":[{"name":"wp","href":"https:\/\/api.w.org\/{rel}","templated":true}]}}