{"id":36374,"date":"2020-01-07T14:46:07","date_gmt":"2020-02-07T12:19:24","guid":{"rendered":"https:\/\/www.my-netti.com\/netti-5-seating-steps-guide\/"},"modified":"2020-06-08T12:54:38","modified_gmt":"2020-06-08T10:54:38","slug":"netti-5-seating-steps-guide","status":"publish","type":"page","link":"https:\/\/www.my-netti.com\/da\/netti-5-seating-steps-guide\/","title":{"rendered":"Netti 5 Seating Steps guide"},"content":{"rendered":"","protected":false},"excerpt":{"rendered":"","protected":false},"author":4,"featured_media":100,"parent":0,"menu_order":7,"comment_status":"closed","ping_status":"closed","template":"views\/template-modules.blade.php","meta":{"_seopress_robots_primary_cat":"","_seopress_titles_title":"","_seopress_titles_desc":"","_seopress_robots_index":"","_relevanssi_hide_post":"","_relevanssi_hide_content":"","_relevanssi_pin_for_all":"","_relevanssi_pin_keywords":"","_relevanssi_unpin_keywords":"","_relevanssi_related_keywords":"","_relevanssi_related_include_ids":"","_relevanssi_related_exclude_ids":"","_relevanssi_related_no_append":"","_relevanssi_related_not_related":"","_relevanssi_related_posts":"","_relevanssi_noindex_reason":"","footnotes":""},"class_list":["post-36374","page","type-page","status-publish","has-post-thumbnail","hentry"],"app_templates_compare_top_banner_title":"","app_templates_compare_top_banner_body":"","app_templates_compare_top_banner_image":"","app_templates_compare_top_banner_color":"white","app_templates_compare_top_banner_overlay":true,"app_templates_compare_top_banner_hide":false,"app_templates_cookie_policy_top_banner_title":"","app_templates_cookie_policy_top_banner_body":"","app_templates_cookie_policy_top_banner_image":"","app_templates_cookie_policy_top_banner_color":"white","app_templates_cookie_policy_top_banner_overlay":true,"app_templates_cookie_policy_top_banner_hide":false,"app_templates_home_page_home_banner_slides":[],"app_templates_home_page_home_banner_html":"","app_templates_home_page_link_boxes_boxes":[],"app_templates_home_page_link_boxes_cta_box_show_cta":true,"app_templates_home_page_link_boxes_cta_box_title":"","app_templates_home_page_link_boxes_cta_box_body":"","app_templates_home_page_link_boxes_cta_box_icon":"","app_templates_home_page_link_boxes_cta_box_link":{"value":"","url":"","anchor":"","blank":0},"app_templates_home_page_link_boxes_cta_box_html":"","app_templates_home_page_media_text_box_image":"","app_templates_home_page_media_text_box_full_width":false,"app_templates_home_page_media_text_box_pretitle":"","app_templates_home_page_media_text_box_title":"","app_templates_home_page_media_text_box_body":"","app_templates_home_page_media_text_box_link":{"value":"","url":"","anchor":"","blank":0},"app_templates_home_page_media_text_box_hide":false,"app_templates_home_page_article_slider_title":"Relaterede artikeler","app_templates_home_page_article_slider_show_latest":false,"app_templates_home_page_article_slider_articles":[],"app_templates_home_page_product_slider_title":"Relaterede produkter","app_templates_home_page_product_slider_product_kind":"wheelchairs","app_templates_home_page_product_slider_wheelchairs":[],"app_templates_home_page_product_slider_spare_parts":[],"app_templates_home_page_product_slider_all":[],"app_templates_home_page_product_slider_hide_info":false,"app_templates_modules_top_banner_title":" ","app_templates_modules_top_banner_body":"","app_templates_modules_top_banner_image":"31798","app_templates_modules_top_banner_color":"white","app_templates_modules_top_banner_overlay":false,"app_templates_modules_top_banner_hide":false,"app_templates_modules_modules_modules":[{"_type":"media_text","title":"Netti 5 Seating Steps guide","body":"For at hj\u00e6lpe med at omdanne viden fra Netti Campus til praksis har vi udviklet Netti 5 Seating Steps. Dette v\u00e6rkt\u00f8j guider dig gennem processen og \u00f8ger siddekvaliteten. Du er velkommen til at downloade formularen og bruge den i dit daglige arbejde.","image":"43615","image_link":{"value":"","url":"\/app\/uploads\/2020\/04\/5-Seating-steps-form-Dansk.pdf","anchor":"","blank":"0"},"link":{"value":"","url":"\/app\/uploads\/2020\/04\/5-Seating-steps-form-Dansk.pdf","anchor":"Download Netti 5 Seating Steps Guide","blank":"0"},"circle":false,"direction":"flex-row"},{"_type":"content","title":"","content":"<h5>De 5 trin p\u00e5 vej mod at skabe den optimale sidestilling er:<\/h5>\r\n<ol>\r\n \t<li>Afklar forventninger og udfordringer<\/li>\r\n \t<li>Observ\u00e9r og vurd\u00e9r brugerens situation<\/li>\r\n \t<li>\r\n<p id=\"tw-target-text\" class=\"tw-data-text tw-text-large XcVN5d tw-ta\" dir=\"ltr\" data-placeholder=\"Overs\u00e6ttelse\"><span lang=\"da\">Definer siddestrategi og s\u00e6t SMART-m\u00e5l<\/span><\/p>\r\n<\/li>\r\n \t<li>Konfigurer siddel\u00f8sning<\/li>\r\n \t<li>Evaluer<\/li>\r\n<\/ol>","text_align":"text-left","columns":1}],"app_templates_modules_product_items_product":[],"_links":{"self":[{"href":"https:\/\/www.my-netti.com\/da\/wp-json\/wp\/v2\/pages\/36374","targetHints":{"allow":["GET"]}}],"collection":[{"href":"https:\/\/www.my-netti.com\/da\/wp-json\/wp\/v2\/pages"}],"about":[{"href":"https:\/\/www.my-netti.com\/da\/wp-json\/wp\/v2\/types\/page"}],"author":[{"embeddable":true,"href":"https:\/\/www.my-netti.com\/da\/wp-json\/wp\/v2\/users\/4"}],"replies":[{"embeddable":true,"href":"https:\/\/www.my-netti.com\/da\/wp-json\/wp\/v2\/comments?post=36374"}],"version-history":[{"count":10,"href":"https:\/\/www.my-netti.com\/da\/wp-json\/wp\/v2\/pages\/36374\/revisions"}],"predecessor-version":[{"id":44904,"href":"https:\/\/www.my-netti.com\/da\/wp-json\/wp\/v2\/pages\/36374\/revisions\/44904"}],"wp:featuredmedia":[{"embeddable":true,"href":"https:\/\/www.my-netti.com\/da\/wp-json\/wp\/v2\/media\/100"}],"wp:attachment":[{"href":"https:\/\/www.my-netti.com\/da\/wp-json\/wp\/v2\/media?parent=36374"}],"curies":[{"name":"wp","href":"https:\/\/api.w.org\/{rel}","templated":true}]}}