{"id":35952,"date":"2020-01-17T08:31:00","date_gmt":"2020-01-17T07:31:00","guid":{"rendered":"https:\/\/www.my-netti.com\/fitting-experts\/"},"modified":"2025-11-03T14:24:21","modified_gmt":"2025-11-03T13:24:21","slug":"kundeservice","status":"publish","type":"page","link":"https:\/\/www.my-netti.com\/da\/kundeservice\/","title":{"rendered":"Kundeservice"},"content":{"rendered":"","protected":false},"excerpt":{"rendered":"","protected":false},"author":2,"featured_media":0,"parent":0,"menu_order":14,"comment_status":"closed","ping_status":"closed","template":"views\/template-modules.blade.php","meta":{"_seopress_robots_primary_cat":"","_seopress_titles_title":"","_seopress_titles_desc":"","_seopress_robots_index":"","_relevanssi_hide_post":"","_relevanssi_hide_content":"","_relevanssi_pin_for_all":"","_relevanssi_pin_keywords":"","_relevanssi_unpin_keywords":"","_relevanssi_related_keywords":"","_relevanssi_related_include_ids":"","_relevanssi_related_exclude_ids":"","_relevanssi_related_no_append":"","_relevanssi_related_not_related":"","_relevanssi_related_posts":"","_relevanssi_noindex_reason":"","footnotes":""},"class_list":["post-35952","page","type-page","status-publish","hentry"],"app_templates_compare_top_banner_title":"","app_templates_compare_top_banner_body":"","app_templates_compare_top_banner_image":"","app_templates_compare_top_banner_color":"white","app_templates_compare_top_banner_overlay":true,"app_templates_compare_top_banner_hide":false,"app_templates_cookie_policy_top_banner_title":"","app_templates_cookie_policy_top_banner_body":"","app_templates_cookie_policy_top_banner_image":"","app_templates_cookie_policy_top_banner_color":"white","app_templates_cookie_policy_top_banner_overlay":true,"app_templates_cookie_policy_top_banner_hide":false,"app_templates_home_page_home_banner_slides":[],"app_templates_home_page_home_banner_html":"","app_templates_home_page_link_boxes_boxes":[],"app_templates_home_page_link_boxes_cta_box_show_cta":true,"app_templates_home_page_link_boxes_cta_box_title":"","app_templates_home_page_link_boxes_cta_box_body":"","app_templates_home_page_link_boxes_cta_box_icon":"","app_templates_home_page_link_boxes_cta_box_link":{"value":"","url":"","anchor":"","blank":0},"app_templates_home_page_link_boxes_cta_box_html":"","app_templates_home_page_media_text_box_image":"","app_templates_home_page_media_text_box_full_width":false,"app_templates_home_page_media_text_box_pretitle":"","app_templates_home_page_media_text_box_title":"","app_templates_home_page_media_text_box_body":"","app_templates_home_page_media_text_box_link":{"value":"","url":"","anchor":"","blank":0},"app_templates_home_page_media_text_box_hide":false,"app_templates_home_page_article_slider_title":"Relaterede artikeler","app_templates_home_page_article_slider_show_latest":false,"app_templates_home_page_article_slider_articles":[],"app_templates_home_page_product_slider_title":"Relaterede produkter","app_templates_home_page_product_slider_product_kind":"wheelchairs","app_templates_home_page_product_slider_wheelchairs":[],"app_templates_home_page_product_slider_spare_parts":[],"app_templates_home_page_product_slider_all":[],"app_templates_home_page_product_slider_hide_info":false,"app_templates_modules_top_banner_title":"  ","app_templates_modules_top_banner_body":"","app_templates_modules_top_banner_image":"2556","app_templates_modules_top_banner_color":"white","app_templates_modules_top_banner_overlay":false,"app_templates_modules_top_banner_hide":false,"app_templates_modules_modules_modules":[{"_type":"content","title":"Vi er her for at hj\u00e6lpe dig","content":"&nbsp;\r\n\r\nI kundeservice m\u00f8der du kompetente medarbejdere, der kan flere hundrede varenumre p\u00e5 rygraden, og som ved hvilke produkter der passer til hvilke muligheder og tilbeh\u00f8r. Du finder ogs\u00e5 eksperter p\u00e5 tilpasning med \u00e5revis af erfaring, som ved hvilke l\u00f8sninger der passer bedst til specifikke brugertyper og udfordringer.\r\n\r\nF\u00e6lles for alle i kundeservice er vilje og et \u00e6gte \u00f8nske om, at hj\u00e6lpe dig bedst muligt. S\u00e5 t\u00f8v ikke med, at kontakte os \u2013 vi er tilg\u00e6ngelige p\u00e5 telefon og mail.\r\n\r\n&nbsp;\r\n\r\nVi har delt vores kundeservice op i 2: TA, som sidder i Tappern\u00f8je samt Netti og Meyra som sidder i Ry.","text_align":"text-center","columns":1},{"_type":"content","title":"","content":"<h5>TA<\/h5>\r\nTlf.: 56 72 57 77\r\n\r\nEmail: <a href=\"mailto:ta-service@meyragroup.com\">ta-service@meyragroup.com<\/a>\r\n\r\nCVR: 16068985 \/ MobilePay-nummer: 648855\r\n\r\n\u00c5bningstider:\r\nMandag: 8.30 - 15.30\r\nTirsdag - torsdag: 8.00 - 15.30\r\nFredag: 08.00 - 12.00\r\n<h5>Netti og Meyra<\/h5>\r\nTlf.: 87 88 73 00\r\n\r\nEmail: <a href=\"mailto:info.ry@meyragroup.com\">info.ry@meyragroup.com<\/a>\r\n\r\nCVR: 13868670\r\n\r\n\u00c5bningstider:\r\nMandag - torsdag: 8.00-16.00\r\nFredag: 8.00-15.00\r\n(middagspause fra 12-12.30)","text_align":"text-center","columns":2},{"_type":"content","title":"","content":"<img class=\"alignnone size-medium wp-image-95173\" src=\"\/app\/uploads\/2023\/02\/Susanne-Straarup-600x600.png\" alt=\"\" width=\"300\" height=\"300\" \/>\r\n<h6>Susanne Straarup<\/h6>\r\nTA Kundeservice\r\n\r\n<a href=\"mailto:Sstraarup@meyragroup.com\">Sstraarup@meyragroup.com<\/a>\r\n\r\n&nbsp;\r\n\r\n<img class=\"alignnone size-full wp-image-2618\" src=\"\/app\/uploads\/2020\/02\/Christina-Dylmer-1.png\" alt=\"\" width=\"300\" height=\"300\" \/>\r\n<h6>Christina Dylmer<\/h6>\r\nNetti kundeservice\r\n<a href=\"mailto:Cdylmer@meyragroup.com\">Cdylmer@meyragroup.com<\/a>\r\n\r\n<img class=\"alignnone size-full wp-image-2648\" src=\"\/app\/uploads\/2020\/02\/Nina-Ifversen-2.png\" alt=\"\" width=\"300\" height=\"300\" \/>\r\n<h6>Nina Ifversen<\/h6>\r\nNetti og Meyra kundeservice\r\n\r\n<a href=\"mailto:Nifversen@meyragroup.com\">Nifversen@meyragroup.com<\/a>\r\n\r\n&nbsp;\r\n\r\n<img class=\"alignnone size-full wp-image-86894\" src=\"\/app\/uploads\/2022\/08\/Hanne-Rytter.png\" alt=\"\" width=\"300\" height=\"300\" \/>\r\n<h6>Hanne Rytter<\/h6>\r\nNetti og Meyra kundeservice\r\n\r\n<a href=\"mailto:Hrytter@meyragroup.com\">Hrytter@meyragroup.com<\/a>\r\n\r\n&nbsp;","text_align":"text-center","columns":2}],"app_templates_modules_product_items_product":[],"_links":{"self":[{"href":"https:\/\/www.my-netti.com\/da\/wp-json\/wp\/v2\/pages\/35952","targetHints":{"allow":["GET"]}}],"collection":[{"href":"https:\/\/www.my-netti.com\/da\/wp-json\/wp\/v2\/pages"}],"about":[{"href":"https:\/\/www.my-netti.com\/da\/wp-json\/wp\/v2\/types\/page"}],"author":[{"embeddable":true,"href":"https:\/\/www.my-netti.com\/da\/wp-json\/wp\/v2\/users\/2"}],"replies":[{"embeddable":true,"href":"https:\/\/www.my-netti.com\/da\/wp-json\/wp\/v2\/comments?post=35952"}],"version-history":[{"count":31,"href":"https:\/\/www.my-netti.com\/da\/wp-json\/wp\/v2\/pages\/35952\/revisions"}],"predecessor-version":[{"id":115619,"href":"https:\/\/www.my-netti.com\/da\/wp-json\/wp\/v2\/pages\/35952\/revisions\/115619"}],"wp:attachment":[{"href":"https:\/\/www.my-netti.com\/da\/wp-json\/wp\/v2\/media?parent=35952"}],"curies":[{"name":"wp","href":"https:\/\/api.w.org\/{rel}","templated":true}]}}