{"id":35736,"date":"2020-01-17T08:35:03","date_gmt":"2020-01-17T07:35:03","guid":{"rendered":"https:\/\/www.my-netti.com\/quality-system\/"},"modified":"2025-09-02T12:03:32","modified_gmt":"2025-09-02T10:03:32","slug":"kvalitetssystem","status":"publish","type":"page","link":"https:\/\/www.my-netti.com\/da\/kvalitetssystem\/","title":{"rendered":"Kvalitetssystem"},"content":{"rendered":"","protected":false},"excerpt":{"rendered":"","protected":false},"author":2,"featured_media":0,"parent":0,"menu_order":13,"comment_status":"closed","ping_status":"closed","template":"views\/template-modules.blade.php","meta":{"_seopress_robots_primary_cat":"","_seopress_titles_title":"Quality System - Netti by Alu Rehab","_seopress_titles_desc":"We at Netti are committed to high standards of quality of our products as well as in all our services. We are certified according to ISO 9001 as well as ISO 13845 for medical devices.","_seopress_robots_index":"","_relevanssi_hide_post":"","_relevanssi_hide_content":"","_relevanssi_pin_for_all":"","_relevanssi_pin_keywords":"","_relevanssi_unpin_keywords":"","_relevanssi_related_keywords":"","_relevanssi_related_include_ids":"","_relevanssi_related_exclude_ids":"","_relevanssi_related_no_append":"","_relevanssi_related_not_related":"","_relevanssi_related_posts":"","_relevanssi_noindex_reason":"","footnotes":""},"class_list":["post-35736","page","type-page","status-publish","hentry"],"app_templates_compare_top_banner_title":"","app_templates_compare_top_banner_body":"","app_templates_compare_top_banner_image":"","app_templates_compare_top_banner_color":"white","app_templates_compare_top_banner_overlay":true,"app_templates_compare_top_banner_hide":false,"app_templates_cookie_policy_top_banner_title":"","app_templates_cookie_policy_top_banner_body":"","app_templates_cookie_policy_top_banner_image":"","app_templates_cookie_policy_top_banner_color":"white","app_templates_cookie_policy_top_banner_overlay":true,"app_templates_cookie_policy_top_banner_hide":false,"app_templates_home_page_home_banner_slides":[],"app_templates_home_page_home_banner_html":"","app_templates_home_page_link_boxes_boxes":[],"app_templates_home_page_link_boxes_cta_box_show_cta":true,"app_templates_home_page_link_boxes_cta_box_title":"","app_templates_home_page_link_boxes_cta_box_body":"","app_templates_home_page_link_boxes_cta_box_icon":"","app_templates_home_page_link_boxes_cta_box_link":{"value":"","url":"","anchor":"","blank":0},"app_templates_home_page_link_boxes_cta_box_html":"","app_templates_home_page_media_text_box_image":"","app_templates_home_page_media_text_box_full_width":false,"app_templates_home_page_media_text_box_pretitle":"","app_templates_home_page_media_text_box_title":"","app_templates_home_page_media_text_box_body":"","app_templates_home_page_media_text_box_link":{"value":"","url":"","anchor":"","blank":0},"app_templates_home_page_media_text_box_hide":false,"app_templates_home_page_article_slider_title":"Relaterede artikeler","app_templates_home_page_article_slider_show_latest":false,"app_templates_home_page_article_slider_articles":[],"app_templates_home_page_product_slider_title":"Relaterede produkter","app_templates_home_page_product_slider_product_kind":"wheelchairs","app_templates_home_page_product_slider_wheelchairs":[],"app_templates_home_page_product_slider_spare_parts":[],"app_templates_home_page_product_slider_all":[],"app_templates_home_page_product_slider_hide_info":false,"app_templates_modules_top_banner_title":" ","app_templates_modules_top_banner_body":"","app_templates_modules_top_banner_image":"2834","app_templates_modules_top_banner_color":"white","app_templates_modules_top_banner_overlay":false,"app_templates_modules_top_banner_hide":false,"app_templates_modules_modules_modules":[{"_type":"content","title":"H\u00f8j kvalitet - en del af vores DNA","content":"Vore n\u00f8glebegreber er Kvalitet og Service. Alle Netti afdelinger lever og \u00e5nder for disse principper \u2013 fra produktion, til konsulenter og medarbejdere i kundeservice, finans og p\u00e5 vore lagre. Derfor er vores leveringssikkerhed af h\u00f8jeste standard.","text_align":"text-center","columns":1},{"_type":"image","image":"959"},{"_type":"media_text","title":"ISO Certificeret","body":"Vi er dedikerede til at s\u00e6tte og levere h\u00f8je standarder for kvaliteten af vores produkter s\u00e5vel som i alle vores tjenesteydelser og Alu Rehab Group er derfor certificeret i henhold til ISO 13485 for medicinsk udstyr. Certificeringen udf\u00f8res p\u00e5 \u00e5rsbasis.","image":"","image_link":{"value":"","url":"\/app\/uploads\/2023\/01\/ISO13485.pdf","anchor":"Donwload certifikat","blank":"0"},"link":{"value":"","url":"\/app\/uploads\/2023\/01\/ISO13485.pdf","anchor":"Download 13845 certifikatet som PDF","blank":"0"},"circle":false,"direction":"flex-row-reverse"},{"_type":"media_text","title":"Overholder MDR","body":"Den europ\u00e6iske forordning om medicinsk udstyr (MDR) l\u00f8fter sikkerheden og sporbarheden af medicinsk udstyr p\u00e5 hele markedet. <span style=\"font-size: 1rem;\">Alu Rehab<\/span><span style=\"font-size: 1rem;\"> arbejder i henhold til forordningen og har implementeret kvalitetsystem til produktion af medicinsk udstyr i henhold til ISO 13485 og den \u00e5rlige revision af T\u00dcV S\u00fcd Product GmbH.<\/span>","image":"4941","image_link":{"value":"","url":"","anchor":"","blank":"0"},"link":{"value":"","url":"","anchor":"","blank":"0"},"circle":false,"direction":"flex-row"},{"_type":"media_text","title":"K\u00f8restolsstandardisering og test","body":"I Europa skal alle k\u00f8restole opfylde de h\u00f8je kvalitetskrav, der er defineret i k\u00f8restolsstandarden EN 12183 og EN 12184. Vi holder os p\u00e5 toppen af udviklingen ved at engagere os i dette afg\u00f8rende arbejde og bidrager til at l\u00f8fte brugersikkerheden for alle k\u00f8restole \u2013 og dermed sikre, at Netti k\u00f8restole altid leverer avancerede l\u00f8sninger af h\u00f8j kvalitet.","image":"1904","image_link":{"value":"","url":"","anchor":"","blank":"0"},"link":{"value":"","url":"","anchor":"","blank":"0"},"circle":false,"direction":"flex-row-reverse"},{"_type":"video","video":"https:\/\/youtu.be\/EDOp0y5xuAQ"},{"_type":"media_text","title":"Garanti","body":"Vi st\u00e5r ved Netti-kvaliteten og vurderer, at produkttestene svarer til 5-6 \u00e5rs normal brug. Vi yder derfor 5 \u00e5rs garanti p\u00e5 alle k\u00f8restolsrammer. P\u00e5 \u00f8vrige Netti komponenter yder vi 2-\u00e5rs garanti undtagen batterier. I tilf\u00e6lde af produktreklamationer vil vi g\u00f8re vores bedste for at hj\u00e6lpe dig p\u00e5 en gnidningsfri m\u00e5de, s\u00e5 processen g\u00e5r s\u00e5 problemfri som muligt. Enhver reklamation registreres for at sikre, at alle n\u00f8dvendige produkt- eller serviceforbedringer udf\u00f8res s\u00e5 hurtigt som muligt.","image":"998","image_link":{"value":"","url":"","anchor":"","blank":"0"},"link":{"value":"","url":"","anchor":"","blank":"0"},"circle":false,"direction":"flex-row"},{"_type":"media_text","title":"Declaration of conformity - kemiske stoffer","body":"<span lang=\"da\">Alle vores k\u00f8restole med tilbeh\u00f8r overholder alle krav, der er fastsat i det europ\u00e6iske RoHS 2.0-direktiv 2011 \/ 65EU og det europ\u00e6iske delegerede direktiv (EU) 2015\/863 - farlige stoffer i elektriske og elektroniske dele. Derudover overholder vores produkter fuldt ud de relaterede krav i Den Europ\u00e6iske Unions forordning (EF) 1907\/2006 om registrering, evaluering, godkendelse og begr\u00e6nsning af kemikalier (REACH).<\/span>","image":"61280","image_link":{"value":"","url":"","anchor":"","blank":"0"},"link":{"value":"","url":"\/app\/uploads\/2024\/09\/DoC-RoHS-REACH-and-Azo-substances-Netti-2025-08-signed-v5.pdf","anchor":"Se Nettis Declaration of Conformity","blank":"0"},"circle":false,"direction":"flex-row-reverse"},{"_type":"media_text_box","image":"1208","full_width":false,"pretitle":"","title":"Kontinuerlig udvikling af bedre l\u00f8sninger","body":"Har du sp\u00f8rgsm\u00e5l eller brug for r\u00e5dgivning i forbindelse med vores produkter, er vi her for at hj\u00e6lpe dig. Vores erfarne medarbejdere med indg\u00e5ende kendskab til vores produkter s\u00e5vel som brugerudfordringer, er altid klar til at hj\u00e6lpe dig. Hvis du har en god id\u00e9 eller \u00f8nsker en bestemt l\u00f8sning, er du ogs\u00e5 velkommen til at kontakte vores produktudviklingsteam. Vores team af terapeuter, produktspecialister og ingeni\u00f8rer arbejder konstant p\u00e5 nye l\u00f8sninger og produktforbedringer.","link":{"value":"","url":"mailto:Productdevelopment@my-netti.com","anchor":"Send en mail til produktudviklingsteamet","blank":"0"},"hide":false},{"_type":"article_slider","title":"Relaterede artikler","show_latest":false,"articles":[]}],"app_templates_modules_product_items_product":[],"_links":{"self":[{"href":"https:\/\/www.my-netti.com\/da\/wp-json\/wp\/v2\/pages\/35736","targetHints":{"allow":["GET"]}}],"collection":[{"href":"https:\/\/www.my-netti.com\/da\/wp-json\/wp\/v2\/pages"}],"about":[{"href":"https:\/\/www.my-netti.com\/da\/wp-json\/wp\/v2\/types\/page"}],"author":[{"embeddable":true,"href":"https:\/\/www.my-netti.com\/da\/wp-json\/wp\/v2\/users\/2"}],"replies":[{"embeddable":true,"href":"https:\/\/www.my-netti.com\/da\/wp-json\/wp\/v2\/comments?post=35736"}],"version-history":[{"count":22,"href":"https:\/\/www.my-netti.com\/da\/wp-json\/wp\/v2\/pages\/35736\/revisions"}],"predecessor-version":[{"id":115052,"href":"https:\/\/www.my-netti.com\/da\/wp-json\/wp\/v2\/pages\/35736\/revisions\/115052"}],"wp:attachment":[{"href":"https:\/\/www.my-netti.com\/da\/wp-json\/wp\/v2\/media?parent=35736"}],"curies":[{"name":"wp","href":"https:\/\/api.w.org\/{rel}","templated":true}]}}