{"id":35733,"date":"2020-01-17T08:32:35","date_gmt":"2020-01-17T07:32:35","guid":{"rendered":"https:\/\/www.my-netti.com\/30-years-of-joy\/"},"modified":"2023-02-07T10:13:19","modified_gmt":"2023-02-07T09:13:19","slug":"lidt-om-os-meyra-group","status":"publish","type":"page","link":"https:\/\/www.my-netti.com\/da\/lidt-om-os-meyra-group\/","title":{"rendered":"Lidt om os Meyra Group"},"content":{"rendered":"","protected":false},"excerpt":{"rendered":"","protected":false},"author":2,"featured_media":0,"parent":0,"menu_order":11,"comment_status":"closed","ping_status":"closed","template":"views\/template-modules.blade.php","meta":{"_seopress_robots_primary_cat":"","_seopress_titles_title":"","_seopress_titles_desc":"","_seopress_robots_index":"","_relevanssi_hide_post":"","_relevanssi_hide_content":"","_relevanssi_pin_for_all":"","_relevanssi_pin_keywords":"","_relevanssi_unpin_keywords":"","_relevanssi_related_keywords":"","_relevanssi_related_include_ids":"","_relevanssi_related_exclude_ids":"","_relevanssi_related_no_append":"","_relevanssi_related_not_related":"","_relevanssi_related_posts":"","_relevanssi_noindex_reason":"","footnotes":""},"class_list":["post-35733","page","type-page","status-publish","hentry"],"app_templates_compare_top_banner_title":"","app_templates_compare_top_banner_body":"","app_templates_compare_top_banner_image":"","app_templates_compare_top_banner_color":"white","app_templates_compare_top_banner_overlay":true,"app_templates_compare_top_banner_hide":false,"app_templates_cookie_policy_top_banner_title":"","app_templates_cookie_policy_top_banner_body":"","app_templates_cookie_policy_top_banner_image":"","app_templates_cookie_policy_top_banner_color":"white","app_templates_cookie_policy_top_banner_overlay":true,"app_templates_cookie_policy_top_banner_hide":false,"app_templates_home_page_home_banner_slides":[],"app_templates_home_page_home_banner_html":"","app_templates_home_page_link_boxes_boxes":[],"app_templates_home_page_link_boxes_cta_box_show_cta":true,"app_templates_home_page_link_boxes_cta_box_title":"","app_templates_home_page_link_boxes_cta_box_body":"","app_templates_home_page_link_boxes_cta_box_icon":"","app_templates_home_page_link_boxes_cta_box_link":{"value":"","url":"","anchor":"","blank":0},"app_templates_home_page_link_boxes_cta_box_html":"","app_templates_home_page_media_text_box_image":"","app_templates_home_page_media_text_box_full_width":false,"app_templates_home_page_media_text_box_pretitle":"","app_templates_home_page_media_text_box_title":"","app_templates_home_page_media_text_box_body":"","app_templates_home_page_media_text_box_link":{"value":"","url":"","anchor":"","blank":0},"app_templates_home_page_media_text_box_hide":false,"app_templates_home_page_article_slider_title":"Relaterede artikeler","app_templates_home_page_article_slider_show_latest":false,"app_templates_home_page_article_slider_articles":[],"app_templates_home_page_product_slider_title":"Relaterede produkter","app_templates_home_page_product_slider_product_kind":"wheelchairs","app_templates_home_page_product_slider_wheelchairs":[],"app_templates_home_page_product_slider_spare_parts":[],"app_templates_home_page_product_slider_all":[],"app_templates_home_page_product_slider_hide_info":false,"app_templates_modules_top_banner_title":" ","app_templates_modules_top_banner_body":"","app_templates_modules_top_banner_image":"77721","app_templates_modules_top_banner_color":"white","app_templates_modules_top_banner_overlay":false,"app_templates_modules_top_banner_hide":false,"app_templates_modules_modules_modules":[{"_type":"content","title":"Lidt om os: Meyra Group ","content":"Med sammenl\u00e6gningen af TA Service, Netti by Alu Rehab og Meyra til \u00e9t samlet Meyra Group tilbyder vi k\u00f8restole til stort set ethvert behov.\r\n\r\nVi har k\u00f8restole til den aktive bruger, til ham eller hende, som har brug for en eldrevet stol og dem, som ikke selv kan \u00e6ndre deres siddestilling. Vores fokus er at tilbyde k\u00f8restole, hvor brugeren kan sidde godt - mange timer hver dag - uanset behov.\r\n\r\nVi \u00f8nsker at bidrage til forbedring af sundhedsplejen gennem gode, \u00f8konomiske og helhedsorienterede l\u00f8sninger, som skaber livsgl\u00e6de for brugerne. Med k\u00f8restole fra TA, Netti og Meyra tilbyder vi innovative og p\u00e5lidelige produkter, der optimerer dagligdagen for brugerne, s\u00e5 de kan v\u00e6re mobile og deltage i hverdagens aktiviteter - og har de bedste foruds\u00e6tninger for at bevare et godt helbred.\r\n\r\n<img class=\"alignnone wp-image-95266\" src=\"\/app\/uploads\/2023\/02\/Inspire-joy-of-life-WHITE.png\" alt=\"\" width=\"326\" height=\"251\" \/>","text_align":"text-center","columns":1},{"_type":"content","title":"","content":"Vores fokus er at \u00f8ge livskvaliteten for k\u00f8restolsbrugere. Alle vores produkter fra TA, Netti og Meyra er designet til, at \u00f8ge mobiliteten og tillade selvst\u00e6ndighed i daglige aktiviteter og g\u00f8rem\u00e5l. En god komfortabel siddestilling sikrer f.eks. forbedret indtagelse af m\u00e5ltider, kommunikation og selvst\u00e6ndighed. Dermed bliver brugeren mere selvst\u00e6ndig og f\u00e5r st\u00f8rre livsgl\u00e6de. Jo bedre og l\u00e6ngere brugeren kan sidde i k\u00f8restolen, jo mere tid kan brugeren tilbringe med venner og familie \u2013 og det er jo netop det, som g\u00f8r livet sk\u00f8nt.\r\n\r\nMeyra Group tilbyder med produkter af h\u00f8jeste kvalitet til brugere som sidder lang tid dagligt i deres k\u00f8restol, samt vi er en af de f\u00e5 udbydere p\u00e5 markedet af dynamiske l\u00f8sninger. Produkter, der i h\u00f8j grad, tilgodeser brugere med komplekse behov.","text_align":"text-center","columns":1},{"_type":"content","title":"Et bredt sortiment af l\u00f8sninger","content":"Meyra Group tilbyder et bredt sortiment af l\u00f8sninger for at tilgodese ethvert individuelt behov. Det g\u00f8r det muligt at designe l\u00f8sninger tilpasset den enkelte bruger \u2013 og ikke omvendt.","text_align":"text-center","columns":1},{"_type":"image","image":"39027"}],"app_templates_modules_product_items_product":[],"_links":{"self":[{"href":"https:\/\/www.my-netti.com\/da\/wp-json\/wp\/v2\/pages\/35733","targetHints":{"allow":["GET"]}}],"collection":[{"href":"https:\/\/www.my-netti.com\/da\/wp-json\/wp\/v2\/pages"}],"about":[{"href":"https:\/\/www.my-netti.com\/da\/wp-json\/wp\/v2\/types\/page"}],"author":[{"embeddable":true,"href":"https:\/\/www.my-netti.com\/da\/wp-json\/wp\/v2\/users\/2"}],"replies":[{"embeddable":true,"href":"https:\/\/www.my-netti.com\/da\/wp-json\/wp\/v2\/comments?post=35733"}],"version-history":[{"count":7,"href":"https:\/\/www.my-netti.com\/da\/wp-json\/wp\/v2\/pages\/35733\/revisions"}],"predecessor-version":[{"id":95307,"href":"https:\/\/www.my-netti.com\/da\/wp-json\/wp\/v2\/pages\/35733\/revisions\/95307"}],"wp:attachment":[{"href":"https:\/\/www.my-netti.com\/da\/wp-json\/wp\/v2\/media?parent=35733"}],"curies":[{"name":"wp","href":"https:\/\/api.w.org\/{rel}","templated":true}]}}