{"id":35704,"date":"2020-01-17T08:32:51","date_gmt":"2020-01-17T07:32:51","guid":{"rendered":"https:\/\/www.my-netti.com\/the-netti-group\/"},"modified":"2023-02-07T10:15:14","modified_gmt":"2023-02-07T09:15:14","slug":"netti-koncernen","status":"publish","type":"page","link":"https:\/\/www.my-netti.com\/da\/netti-koncernen\/","title":{"rendered":"Netti koncernen"},"content":{"rendered":"","protected":false},"excerpt":{"rendered":"","protected":false},"author":2,"featured_media":0,"parent":0,"menu_order":12,"comment_status":"closed","ping_status":"closed","template":"views\/template-modules.blade.php","meta":{"_seopress_robots_primary_cat":"","_seopress_titles_title":"","_seopress_titles_desc":"","_seopress_robots_index":"","_relevanssi_hide_post":"on","_relevanssi_hide_content":"on","_relevanssi_pin_for_all":"","_relevanssi_pin_keywords":"","_relevanssi_unpin_keywords":"","_relevanssi_related_keywords":"","_relevanssi_related_include_ids":"","_relevanssi_related_exclude_ids":"","_relevanssi_related_no_append":"","_relevanssi_related_not_related":"","_relevanssi_related_posts":"","_relevanssi_noindex_reason":"WooCommerce Relevanssi index exclude","footnotes":""},"class_list":["post-35704","page","type-page","status-publish","hentry"],"app_templates_compare_top_banner_title":"","app_templates_compare_top_banner_body":"","app_templates_compare_top_banner_image":"","app_templates_compare_top_banner_color":"white","app_templates_compare_top_banner_overlay":true,"app_templates_compare_top_banner_hide":false,"app_templates_cookie_policy_top_banner_title":"","app_templates_cookie_policy_top_banner_body":"","app_templates_cookie_policy_top_banner_image":"","app_templates_cookie_policy_top_banner_color":"white","app_templates_cookie_policy_top_banner_overlay":true,"app_templates_cookie_policy_top_banner_hide":false,"app_templates_home_page_home_banner_slides":[],"app_templates_home_page_home_banner_html":"","app_templates_home_page_link_boxes_boxes":[],"app_templates_home_page_link_boxes_cta_box_show_cta":true,"app_templates_home_page_link_boxes_cta_box_title":"","app_templates_home_page_link_boxes_cta_box_body":"","app_templates_home_page_link_boxes_cta_box_icon":"","app_templates_home_page_link_boxes_cta_box_link":{"value":"","url":"","anchor":"","blank":0},"app_templates_home_page_link_boxes_cta_box_html":"","app_templates_home_page_media_text_box_image":"","app_templates_home_page_media_text_box_full_width":false,"app_templates_home_page_media_text_box_pretitle":"","app_templates_home_page_media_text_box_title":"","app_templates_home_page_media_text_box_body":"","app_templates_home_page_media_text_box_link":{"value":"","url":"","anchor":"","blank":0},"app_templates_home_page_media_text_box_hide":false,"app_templates_home_page_article_slider_title":"Relaterede artikeler","app_templates_home_page_article_slider_show_latest":false,"app_templates_home_page_article_slider_articles":[],"app_templates_home_page_product_slider_title":"Relaterede produkter","app_templates_home_page_product_slider_product_kind":"wheelchairs","app_templates_home_page_product_slider_wheelchairs":[],"app_templates_home_page_product_slider_spare_parts":[],"app_templates_home_page_product_slider_all":[],"app_templates_home_page_product_slider_hide_info":false,"app_templates_modules_top_banner_title":" ","app_templates_modules_top_banner_body":"","app_templates_modules_top_banner_image":"4968","app_templates_modules_top_banner_color":"white","app_templates_modules_top_banner_overlay":false,"app_templates_modules_top_banner_hide":false,"app_templates_modules_modules_modules":[{"_type":"content","title":"Netti koncernen","content":"Moderselskabet Alu Rehab AS er baseret i Norge, med datterselskaber i Danmark og Kina.\u00a0 Alu Rehab er endvidere repr\u00e6senteret med egne s\u00e6lgere i Danmark, Sverige, Frankrig, Tyskland, \u00d8strig og Schweiz, og yderligere med forhandlere i mere end 30 lande.","text_align":"text-center","columns":1},{"_type":"media_text","title":"Moderselskabet i Norge","body":"Hos vores moderselskab i Norge, produktudvikler og producerer vi vores specialtilpassede produkter. I t\u00e6t samarbejde med egne terapeuter og siddestillingsspecialister, er vores tekniske afdeling kontinuerligt p\u00e5 jagt efter, at forbedre og udvikle nye l\u00f8sninger, der kan v\u00e6re med til at \u00f8ge livskvaliteten hos brugerne.","image":"1813","image_link":{"value":"","url":"","anchor":"","blank":"0"},"link":{"value":"","url":"\/employees\/contact-netti-in-norway\/","anchor":"Netti i Norge","blank":"0"},"circle":true,"direction":"flex-row-reverse"},{"_type":"media_text","title":"Logistikcenter i Danmark","body":"Fra vores logistikcenter i Danmark sender vi til alle europ\u00e6iske og sydamerikanske markeder. Et opkald til kundeservice fra de fleste europ\u00e6iske markeder forbinder dig til vores kompetente og flersprogede konsulenter i Danmark.","image":"1826","image_link":{"value":"","url":"","anchor":"","blank":"0"},"link":{"value":"","url":"\/da\/kundeservice\/","anchor":"Her finder du os","blank":"0"},"circle":true,"direction":"flex-row-reverse"},{"_type":"media_text","title":"Produktion i Kina","body":"I Kina har vi vores egen produktion med ugentlige forsendelser til eget logistikcenter i Danmark. Mange af vores kinesiske kolleger har, ligesom deres europ\u00e6iske kolleger, v\u00e6ret hos Alu Rehab i mere end 15 \u00e5r, og har et h\u00f8jt produktkendskab. Da vi producerer vores produkter selv, kan vi garantere for den h\u00f8je kvalitet, Netti er kendt for.","image":"1820","image_link":{"value":"","url":"","anchor":"","blank":"0"},"link":{"value":"","url":"\/employees\/contact-netti-in-china\/","anchor":"Netti i Kina","blank":"0"},"circle":true,"direction":"flex-row-reverse"},{"_type":"video","video":"https:\/\/youtu.be\/5YnrROZZOIg"},{"_type":"image","image":"1257"}],"app_templates_modules_product_items_product":[],"_links":{"self":[{"href":"https:\/\/www.my-netti.com\/da\/wp-json\/wp\/v2\/pages\/35704","targetHints":{"allow":["GET"]}}],"collection":[{"href":"https:\/\/www.my-netti.com\/da\/wp-json\/wp\/v2\/pages"}],"about":[{"href":"https:\/\/www.my-netti.com\/da\/wp-json\/wp\/v2\/types\/page"}],"author":[{"embeddable":true,"href":"https:\/\/www.my-netti.com\/da\/wp-json\/wp\/v2\/users\/2"}],"replies":[{"embeddable":true,"href":"https:\/\/www.my-netti.com\/da\/wp-json\/wp\/v2\/comments?post=35704"}],"version-history":[{"count":12,"href":"https:\/\/www.my-netti.com\/da\/wp-json\/wp\/v2\/pages\/35704\/revisions"}],"predecessor-version":[{"id":95310,"href":"https:\/\/www.my-netti.com\/da\/wp-json\/wp\/v2\/pages\/35704\/revisions\/95310"}],"wp:attachment":[{"href":"https:\/\/www.my-netti.com\/da\/wp-json\/wp\/v2\/media?parent=35704"}],"curies":[{"name":"wp","href":"https:\/\/api.w.org\/{rel}","templated":true}]}}