{"id":35564,"date":"2020-01-17T08:31:25","date_gmt":"2020-01-17T07:31:25","guid":{"rendered":"https:\/\/www.my-netti.com\/dynamic-seating\/"},"modified":"2024-01-22T11:38:02","modified_gmt":"2024-01-22T10:38:02","slug":"dynamisk-loesning","status":"publish","type":"page","link":"https:\/\/www.my-netti.com\/da\/dynamisk-loesning\/","title":{"rendered":"Dynamisk l\u00f8sning"},"content":{"rendered":"","protected":false},"excerpt":{"rendered":"","protected":false},"author":2,"featured_media":0,"parent":0,"menu_order":3,"comment_status":"closed","ping_status":"closed","template":"views\/template-modules.blade.php","meta":{"_seopress_robots_primary_cat":"","_seopress_titles_title":"","_seopress_titles_desc":"","_seopress_robots_index":"","_relevanssi_hide_post":"","_relevanssi_hide_content":"","_relevanssi_pin_for_all":"","_relevanssi_pin_keywords":"","_relevanssi_unpin_keywords":"","_relevanssi_related_keywords":"","_relevanssi_related_include_ids":"","_relevanssi_related_exclude_ids":"","_relevanssi_related_no_append":"","_relevanssi_related_not_related":"","_relevanssi_related_posts":"","_relevanssi_noindex_reason":"","footnotes":""},"class_list":["post-35564","page","type-page","status-publish","hentry"],"app_templates_compare_top_banner_title":"","app_templates_compare_top_banner_body":"","app_templates_compare_top_banner_image":"","app_templates_compare_top_banner_color":"white","app_templates_compare_top_banner_overlay":true,"app_templates_compare_top_banner_hide":false,"app_templates_cookie_policy_top_banner_title":"","app_templates_cookie_policy_top_banner_body":"","app_templates_cookie_policy_top_banner_image":"","app_templates_cookie_policy_top_banner_color":"white","app_templates_cookie_policy_top_banner_overlay":true,"app_templates_cookie_policy_top_banner_hide":false,"app_templates_home_page_home_banner_slides":[],"app_templates_home_page_home_banner_html":"","app_templates_home_page_link_boxes_boxes":[],"app_templates_home_page_link_boxes_cta_box_show_cta":true,"app_templates_home_page_link_boxes_cta_box_title":"","app_templates_home_page_link_boxes_cta_box_body":"","app_templates_home_page_link_boxes_cta_box_icon":"","app_templates_home_page_link_boxes_cta_box_link":{"value":"","url":"","anchor":"","blank":0},"app_templates_home_page_link_boxes_cta_box_html":"","app_templates_home_page_media_text_box_image":"","app_templates_home_page_media_text_box_full_width":false,"app_templates_home_page_media_text_box_pretitle":"","app_templates_home_page_media_text_box_title":"","app_templates_home_page_media_text_box_body":"","app_templates_home_page_media_text_box_link":{"value":"","url":"","anchor":"","blank":0},"app_templates_home_page_media_text_box_hide":false,"app_templates_home_page_article_slider_title":"Relaterede artikeler","app_templates_home_page_article_slider_show_latest":false,"app_templates_home_page_article_slider_articles":[],"app_templates_home_page_product_slider_title":"Relaterede produkter","app_templates_home_page_product_slider_product_kind":"wheelchairs","app_templates_home_page_product_slider_wheelchairs":[],"app_templates_home_page_product_slider_spare_parts":[],"app_templates_home_page_product_slider_all":[],"app_templates_home_page_product_slider_hide_info":false,"app_templates_modules_top_banner_title":" ","app_templates_modules_top_banner_body":"","app_templates_modules_top_banner_image":"2365","app_templates_modules_top_banner_color":"white","app_templates_modules_top_banner_overlay":false,"app_templates_modules_top_banner_hide":false,"app_templates_modules_modules_modules":[{"_type":"content","title":"Hvad er en dynamisk l\u00f8sning?","content":"En dynamisk siddel\u00f8sning underst\u00f8tter brugerens bev\u00e6gelser ved at lade k\u00f8restolen arbejder i synergi med brugerens bev\u00e6gelser. Med Netti Dynamic System kan man fastholde brugeren i en god siddeposition hele dagen \u2013 og derved sikre optimal trykfordeling da brugeren altid returnerer til den oprindelige position efter en spasme. Systemet st\u00f8tter brugeren gennem spasmerne, og sikrer b\u00e5de en h\u00f8j bruger accept, samt lang levetid for k\u00f8restolen.\r\n\r\nNetti Dynamic System er modul\u00e6rt og kan enten leveres som en komplet Dynamic k\u00f8restol eller som en traditionel k\u00f8restol med Dynamic komponenter.","text_align":"text-center","columns":1},{"_type":"product_slider","title":"Komplette dynamiske k\u00f8restole  ","product_kind":"wheelchairs","wheelchairs":[{"value":"post:wheelchair:370","type":"post","subtype":"wheelchair","id":"370"},{"value":"post:wheelchair:380","type":"post","subtype":"wheelchair","id":"380"},{"value":"post:wheelchair:381","type":"post","subtype":"wheelchair","id":"381"},{"value":"post:wheelchair:383","type":"post","subtype":"wheelchair","id":"383"}],"spare_parts":[],"all":[],"hide_info":false},{"_type":"media_text","title":"Hvorfor v\u00e6lge en dynamisk l\u00f8sning?","body":"<ul>\r\n \t<li>Tillader bev\u00e6gelser<\/li>\r\n \t<li>Fordeler kr\u00e6fterne og p\u00e5virkningen<\/li>\r\n \t<li>For\u00f8ger det totale siddetid i k\u00f8restolen<\/li>\r\n \t<li>For\u00f8get postural kontrol<\/li>\r\n \t<li>Minimere spasmer<\/li>\r\n \t<li>For\u00f8get livskvalitet for brugeren<\/li>\r\n \t<li>L\u00e6ngere levetid for k\u00f8restolen<\/li>\r\n<\/ul>","image":"2332","image_link":{"value":"","url":"","anchor":"","blank":"0"},"link":{"value":"","url":"\/knowledge-center\/goals-of-dynamic-seating\/","anchor":"Goals of dynamic seating","blank":"0"},"circle":false,"direction":"flex-row"},{"_type":"media_text","title":"Hvorn\u00e5r skal man v\u00e6lge en komplet dynamisk k\u00f8restol","body":"En komplet dynamisk k\u00f8restol anbefales n\u00e5r brugerens ufrivilligbev\u00e6gelser resulterer i ukontrollerede bev\u00e6gelser i hoften, ryg, ben eller hoved.","image":"12502","image_link":{"value":"","url":"","anchor":"","blank":"0"},"link":{"value":"","url":"","anchor":"","blank":"0"},"circle":false,"direction":"flex-row-reverse"},{"_type":"media_text","title":"Hvorn\u00e5r skal man v\u00e6lge dynamiske komponenter p\u00e5 en traditionel k\u00f8restol?","body":"N\u00e5r brugerens symptomer er ufrivillige og kun omfatter en eller to af nedenst\u00e5ende tre omr\u00e5der:\r\n<ul>\r\n \t<li>Hoved \u2013 Dynamic hovedst\u00f8tte<\/li>\r\n \t<li>Ryg \u2013 Dynamic ryg<\/li>\r\n \t<li>F\u00f8dder\/Ben \u2013 Dynamic benst\u00f8tter<\/li>\r\n<\/ul>","image":"12494","image_link":{"value":"","url":"","anchor":"","blank":"0"},"link":{"value":"","url":"","anchor":"","blank":"0"},"circle":false,"direction":"flex-row"},{"_type":"image","image":"1257"},{"_type":"media_text","title":"Fordele ved Dynamic System","body":"Hos Netti arbejder vi altid p\u00e5, at forbedre brugerens totale livskvalitet og \u00f8ge muligheden for at deltage i de daglige aktiviteter.\r\nFordele ved Dynamic System er:\r\n<ul>\r\n \t<li>Mulighed for at sidde l\u00e6ngere tid i k\u00f8restolen<\/li>\r\n \t<li>Minimal friktion og skrid i stolen, sikrer h\u00f8j beskyttelse af huden<\/li>\r\n \t<li>Optimal siddestilling sikrer bedre muligheder for at spise og drikke, samt forbedrer respirationen<\/li>\r\n \t<li>F\u00e6rre smerter<\/li>\r\n<\/ul>","image":"1849","image_link":{"value":"","url":"","anchor":"","blank":"0"},"link":{"value":"","url":"\/da\/kc-da\/fordelene-ved-netti-dynamic-system\/","anchor":"Fordelene ved Netti Dynamic System","blank":"0"},"circle":false,"direction":"flex-row-reverse"},{"_type":"media_text","title":"Brugergrupper","body":"Personer der med fordel kan anvende dynamiske systemer:\r\n<ul>\r\n \t<li>Dyskinetisk CP<\/li>\r\n \t<li>Dystoni<\/li>\r\n \t<li>Huntingtons sygdom<\/li>\r\n \t<li>Parkinsons sygdom<\/li>\r\n \t<li>Dements<\/li>\r\n \t<li>Traumatiske hjerneskader (TBI)<\/li>\r\n \t<li>Rygmarvsskader<\/li>\r\n<\/ul>","image":"1841","image_link":{"value":"","url":"","anchor":"","blank":"0"},"link":{"value":"","url":"","anchor":"","blank":"0"},"circle":false,"direction":"flex-row"},{"_type":"media_text","title":"Dokumenterede effekter","body":"Den overordnede konklusion fra litteratur s\u00f8gninger i 2019 er, at dynamiske k\u00f8restole for\u00f8ger komforten og neds\u00e6tter smerte, opbygger sidde tolerancen og for\u00f8ger livskvaliteten for brugere af disse l\u00f8sninger.","image":"1856","image_link":{"value":"","url":"","anchor":"","blank":"0"},"link":{"value":"","url":"\/da\/kc-da\/dokumenteret-effekt-af-netti-dynamic-system\/","anchor":"Dokumenteret effekt af Netti Dynamic System","blank":"0"},"circle":false,"direction":"flex-row-reverse"},{"_type":"article_slider","title":"Dynamiske komponenter","show_latest":false,"articles":[{"value":"post:knowledge-article:232","type":"post","subtype":"knowledge-article","id":"232"},{"value":"post:knowledge-article:2262","type":"post","subtype":"knowledge-article","id":"2262"},{"value":"post:knowledge-article:2268","type":"post","subtype":"knowledge-article","id":"2268"},{"value":"post:knowledge-article:2218","type":"post","subtype":"knowledge-article","id":"2218"}]}],"app_templates_modules_product_items_product":[],"_links":{"self":[{"href":"https:\/\/www.my-netti.com\/da\/wp-json\/wp\/v2\/pages\/35564","targetHints":{"allow":["GET"]}}],"collection":[{"href":"https:\/\/www.my-netti.com\/da\/wp-json\/wp\/v2\/pages"}],"about":[{"href":"https:\/\/www.my-netti.com\/da\/wp-json\/wp\/v2\/types\/page"}],"author":[{"embeddable":true,"href":"https:\/\/www.my-netti.com\/da\/wp-json\/wp\/v2\/users\/2"}],"replies":[{"embeddable":true,"href":"https:\/\/www.my-netti.com\/da\/wp-json\/wp\/v2\/comments?post=35564"}],"version-history":[{"count":6,"href":"https:\/\/www.my-netti.com\/da\/wp-json\/wp\/v2\/pages\/35564\/revisions"}],"predecessor-version":[{"id":104464,"href":"https:\/\/www.my-netti.com\/da\/wp-json\/wp\/v2\/pages\/35564\/revisions\/104464"}],"wp:attachment":[{"href":"https:\/\/www.my-netti.com\/da\/wp-json\/wp\/v2\/media?parent=35564"}],"curies":[{"name":"wp","href":"https:\/\/api.w.org\/{rel}","templated":true}]}}