{"id":34002,"date":"2020-04-15T10:09:57","date_gmt":"2020-04-15T08:09:57","guid":{"rendered":"https:\/\/www.my-netti.com\/privacy-policy-2\/"},"modified":"2024-01-10T11:01:44","modified_gmt":"2024-01-10T10:01:44","slug":"privacy-policy-2","status":"publish","type":"page","link":"https:\/\/www.my-netti.com\/da\/privacy-policy-2\/","title":{"rendered":"Personal data"},"content":{"rendered":"","protected":false},"excerpt":{"rendered":"","protected":false},"author":4,"featured_media":0,"parent":0,"menu_order":18,"comment_status":"closed","ping_status":"closed","template":"views\/template-modules.blade.php","meta":{"_seopress_robots_primary_cat":"","_seopress_titles_title":"Netti by Alu Rehabs Privacy Policy %%sep%% %%sitetitle%%","_seopress_titles_desc":"Please read more about Netti by Alu Rehabs Privacy Policy here. %%post_excerpt%%","_seopress_robots_index":"","_relevanssi_hide_post":"","_relevanssi_hide_content":"","_relevanssi_pin_for_all":"","_relevanssi_pin_keywords":"","_relevanssi_unpin_keywords":"","_relevanssi_related_keywords":"","_relevanssi_related_include_ids":"","_relevanssi_related_exclude_ids":"","_relevanssi_related_no_append":"","_relevanssi_related_not_related":"","_relevanssi_related_posts":"","_relevanssi_noindex_reason":"","footnotes":""},"class_list":["post-34002","page","type-page","status-publish","hentry"],"app_templates_compare_top_banner_title":"","app_templates_compare_top_banner_body":"","app_templates_compare_top_banner_image":"","app_templates_compare_top_banner_color":"white","app_templates_compare_top_banner_overlay":true,"app_templates_compare_top_banner_hide":false,"app_templates_cookie_policy_top_banner_title":"","app_templates_cookie_policy_top_banner_body":"","app_templates_cookie_policy_top_banner_image":"","app_templates_cookie_policy_top_banner_color":"white","app_templates_cookie_policy_top_banner_overlay":true,"app_templates_cookie_policy_top_banner_hide":false,"app_templates_home_page_home_banner_slides":[],"app_templates_home_page_home_banner_html":"","app_templates_home_page_link_boxes_boxes":[],"app_templates_home_page_link_boxes_cta_box_show_cta":true,"app_templates_home_page_link_boxes_cta_box_title":"","app_templates_home_page_link_boxes_cta_box_body":"","app_templates_home_page_link_boxes_cta_box_icon":"","app_templates_home_page_link_boxes_cta_box_link":{"value":"","url":"","anchor":"","blank":0},"app_templates_home_page_link_boxes_cta_box_html":"","app_templates_home_page_media_text_box_image":"","app_templates_home_page_media_text_box_full_width":false,"app_templates_home_page_media_text_box_pretitle":"","app_templates_home_page_media_text_box_title":"","app_templates_home_page_media_text_box_body":"","app_templates_home_page_media_text_box_link":{"value":"","url":"","anchor":"","blank":0},"app_templates_home_page_media_text_box_hide":false,"app_templates_home_page_article_slider_title":"Relaterede artikeler","app_templates_home_page_article_slider_show_latest":false,"app_templates_home_page_article_slider_articles":[],"app_templates_home_page_product_slider_title":"Relaterede produkter","app_templates_home_page_product_slider_product_kind":"wheelchairs","app_templates_home_page_product_slider_wheelchairs":[],"app_templates_home_page_product_slider_spare_parts":[],"app_templates_home_page_product_slider_all":[],"app_templates_home_page_product_slider_hide_info":false,"app_templates_modules_top_banner_title":" ","app_templates_modules_top_banner_body":"","app_templates_modules_top_banner_image":"1244","app_templates_modules_top_banner_color":"white","app_templates_modules_top_banner_overlay":false,"app_templates_modules_top_banner_hide":false,"app_templates_modules_modules_modules":[{"_type":"content","title":"Personlig data ","content":"<div id=\"content_760\">\r\n<div class=\"sfContentBlock\">\r\n<h4><strong>Personlig data ved ordre, tilbud og reklamationer<\/strong><\/h4>\r\n<strong>Behandling af personoplysninger ved foresp\u00f8rgsel\/ordre\/reklamation<\/strong>\r\nN\u00e5r du indg\u00e5r et kontraktforhold med os, informerer vi dig om, at vi bruger data om dig og din virksomhed. F\u00f8lgende oplysninger indsamles:\r\n<ul>\r\n \t<li>Virksomhedens navn<\/li>\r\n \t<li>Virksomhedens kontaktdata (adresse, kontaktperson, telefonnummer, e-mail osv. )<\/li>\r\n \t<li>For den specifikke foresp\u00f8rgsel\/ordre angiver vi leveringsadresse, leveringsdato, pris, betalingstype, leveringsbetingelser og evt. billeder<\/li>\r\n<\/ul>\r\nDisse data gemmes inden for rammerne af GDPR-bestemmelserne.\r\n\r\nMange Netti-produkter betragtes som skr\u00e6ddersyede produkter, da de er konfigureret til den enkelte brugers behov. I disse tilf\u00e6lde kan vi ogs\u00e5 indsamle slutbrugeroplysninger, der er n\u00f8dvendige for produktionen. For ordrer og tilbud omfatter dette f\u00f8lgende oplysninger, n\u00e5r det er relevant:\r\n\r\nSlutbrugerens navn og leveringsadresse, personlige m\u00e5ledata sammen med andre relevante sundhedsoplysninger samt data om boligmilj\u00f8.\r\nFotos eller videoer.\r\n\r\nOgs\u00e5 i forbindelse med reklamationer kan vi bruge fotos og helbredsm\u00e6ssige baggrundsoplysninger, hvor det er relevant.\r\n\r\nVi behandler udelukkende dine personoplysninger med det form\u00e5l at konfigurere og producere\/tilbyde det rigtige produkt og opfylde forpligtelserne i henhold til den underliggende kontrakt (retsgrundlag art. 6, 1b GDPR).\r\n\r\nIndsamlede persondata opbevares indtil udl\u00f8bet af den lovbestemte opbevaringsperiode for forhandlere og slettes normalt derefter.\r\n\r\nAlle vores medarbejdere, der arbejder med persondata, er udtrykkeligt gjort opm\u00e6rksomme p\u00e5 dette.\r\n\r\n<\/div>\r\n<\/div>","text_align":"text-left","columns":1}],"app_templates_modules_product_items_product":[],"_links":{"self":[{"href":"https:\/\/www.my-netti.com\/da\/wp-json\/wp\/v2\/pages\/34002","targetHints":{"allow":["GET"]}}],"collection":[{"href":"https:\/\/www.my-netti.com\/da\/wp-json\/wp\/v2\/pages"}],"about":[{"href":"https:\/\/www.my-netti.com\/da\/wp-json\/wp\/v2\/types\/page"}],"author":[{"embeddable":true,"href":"https:\/\/www.my-netti.com\/da\/wp-json\/wp\/v2\/users\/4"}],"replies":[{"embeddable":true,"href":"https:\/\/www.my-netti.com\/da\/wp-json\/wp\/v2\/comments?post=34002"}],"version-history":[{"count":1,"href":"https:\/\/www.my-netti.com\/da\/wp-json\/wp\/v2\/pages\/34002\/revisions"}],"predecessor-version":[{"id":104274,"href":"https:\/\/www.my-netti.com\/da\/wp-json\/wp\/v2\/pages\/34002\/revisions\/104274"}],"wp:attachment":[{"href":"https:\/\/www.my-netti.com\/da\/wp-json\/wp\/v2\/media?parent=34002"}],"curies":[{"name":"wp","href":"https:\/\/api.w.org\/{rel}","templated":true}]}}