{"id":29720,"date":"2020-01-06T10:05:51","date_gmt":"2020-01-06T09:05:51","guid":{"rendered":"https:\/\/www.my-netti.com\/home\/"},"modified":"2026-04-16T14:52:15","modified_gmt":"2026-04-16T12:52:15","slug":"home","status":"publish","type":"page","link":"https:\/\/www.my-netti.com\/da\/","title":{"rendered":"Home"},"content":{"rendered":"","protected":false},"excerpt":{"rendered":"","protected":false},"author":2,"featured_media":0,"parent":0,"menu_order":0,"comment_status":"closed","ping_status":"closed","template":"views\/template-home-page.blade.php","meta":{"_seopress_robots_primary_cat":"","_seopress_titles_title":"Meyra Group - TA, Meyra, Netti - elektriske, aktive og komfortk\u00f8restole","_seopress_titles_desc":"Meyra Group tilbyder et stort udvalg af elektriske, aktive og komfortk\u00f8restole - alle designet til at blive tilpasset brugerens individuelle behov.","_seopress_robots_index":"","_relevanssi_hide_post":"","_relevanssi_hide_content":"","_relevanssi_pin_for_all":"","_relevanssi_pin_keywords":"","_relevanssi_unpin_keywords":"","_relevanssi_related_keywords":"","_relevanssi_related_include_ids":"","_relevanssi_related_exclude_ids":"","_relevanssi_related_no_append":"","_relevanssi_related_not_related":"","_relevanssi_related_posts":"","_relevanssi_noindex_reason":"","footnotes":""},"class_list":["post-29720","page","type-page","status-publish","hentry"],"app_templates_compare_top_banner_title":"","app_templates_compare_top_banner_body":"","app_templates_compare_top_banner_image":"","app_templates_compare_top_banner_color":"white","app_templates_compare_top_banner_overlay":true,"app_templates_compare_top_banner_hide":false,"app_templates_cookie_policy_top_banner_title":"","app_templates_cookie_policy_top_banner_body":"","app_templates_cookie_policy_top_banner_image":"","app_templates_cookie_policy_top_banner_color":"white","app_templates_cookie_policy_top_banner_overlay":true,"app_templates_cookie_policy_top_banner_hide":false,"app_templates_home_page_home_banner_slides":[{"_type":"_","body":"<h1><strong>Meyra Nano S<\/strong><\/h1>\r\n- verdens f\u00f8rste foldbare k\u00f8restol med \u00e5ben rammekonstruktion og aftagelige, svingbare benst\u00f8tter.","logo":"","video":"","image":"101026","color":"white","overlay":true,"link":{"value":"","url":"\/da\/wheelchair\/meyra-nano-s\/","anchor":"L\u00e6s mere her","blank":"0"}},{"_type":"_","body":"<h1>Netti V<\/h1>\r\n<h4>Norsk nyt\u00e6nkning, der sikrer optimal tilpasning til brugeren - ogs\u00e5 n\u00e5r behovet \u00e6ndrer sig. All-round og komfortk\u00f8restol i \u00e9n.<\/h4>","logo":"","video":"","image":"100890","color":"white","overlay":true,"link":{"value":"","url":"\/da\/kc-da\/netti-v2\/","anchor":"Netti V","blank":"0"}},{"_type":"_","body":"<h5>Med Netti Dynamic System kan du opretholde en god siddeposition for brugeren hele dagen - og dermed sikre den optimale trykfordeling, da brugeren vender tilbage til den oprindelige position efter en krampe.<\/h5>","logo":"328","video":"","image":"2365","color":"white","overlay":true,"link":{"value":"","url":"\/dynamic-seating\/#","anchor":"Netti Dynamic System","blank":"0"}},{"_type":"_","body":"For k\u00f8restolsbrugeren, der er afh\u00e6ngig af hans eller hendes k\u00f8restol, n\u00e5r han er aktiv eller deltager i det sociale liv, g\u00f8r sm\u00e5 designdetaljer en stor forskel. Det er grunden til, at vi tilbyder s\u00e5 mange forskellige k\u00f8restole, justeringsmuligheder og tilbeh\u00f8r.","logo":"328","video":"","image":"93","color":"white","overlay":true,"link":{"value":"","url":"\/wheelchair\/","anchor":"Oversigt over alle Netti k\u00f8restolene","blank":"0"}},{"_type":"_","body":"<h2>Beskyt huden med vores nye banebrydende siddepuder.<\/h2>","logo":"","video":"","image":"113992","color":"darkest","overlay":false,"link":{"value":"","url":"\/da\/kc-da\/netti-precision\/","anchor":"Netti Precision siddepuder","blank":"0"}}],"app_templates_home_page_home_banner_html":"","app_templates_home_page_link_boxes_boxes":[{"value":"post:knowledge-article:100778","type":"post","subtype":"knowledge-article","id":"100778"},{"value":"post:knowledge-article:108799","type":"post","subtype":"knowledge-article","id":"108799"},{"value":"post:knowledge-article:113104","type":"post","subtype":"knowledge-article","id":"113104"},{"value":"post:knowledge-article:103699","type":"post","subtype":"knowledge-article","id":"103699"}],"app_templates_home_page_link_boxes_cta_box_show_cta":true,"app_templates_home_page_link_boxes_cta_box_title":"Har du brug for hj\u00e6lp","app_templates_home_page_link_boxes_cta_box_body":"Vores team af erfarne medarbejdere er klar til at hj\u00e6lpe. ","app_templates_home_page_link_boxes_cta_box_icon":"2068","app_templates_home_page_link_boxes_cta_box_link":{"value":"","url":"\/da\/salg\/","anchor":"Find din konsulent","blank":"0"},"app_templates_home_page_link_boxes_cta_box_html":"","app_templates_home_page_media_text_box_image":"","app_templates_home_page_media_text_box_full_width":false,"app_templates_home_page_media_text_box_pretitle":"","app_templates_home_page_media_text_box_title":"","app_templates_home_page_media_text_box_body":"","app_templates_home_page_media_text_box_link":{"value":"","url":"","anchor":"","blank":"0"},"app_templates_home_page_media_text_box_hide":true,"app_templates_home_page_article_slider_title":"L\u00e6s det sidste nye fra Meyra Group her","app_templates_home_page_article_slider_show_latest":false,"app_templates_home_page_article_slider_articles":[{"value":"post:knowledge-article:108557","type":"post","subtype":"knowledge-article","id":"108557"},{"value":"post:knowledge-article:86981","type":"post","subtype":"knowledge-article","id":"86981"},{"value":"post:knowledge-article:93367","type":"post","subtype":"knowledge-article","id":"93367"},{"value":"post:knowledge-article:108799","type":"post","subtype":"knowledge-article","id":"108799"}],"app_templates_home_page_product_slider_title":"Dynamiske l\u00f8sninger","app_templates_home_page_product_slider_product_kind":"all","app_templates_home_page_product_slider_wheelchairs":[{"value":"post:wheelchair:38239","type":"post","subtype":"wheelchair","id":"38239"},{"value":"post:wheelchair:38076","type":"post","subtype":"wheelchair","id":"38076"},{"value":"post:wheelchair:38754","type":"post","subtype":"wheelchair","id":"38754"},{"value":"post:wheelchair:38777","type":"post","subtype":"wheelchair","id":"38777"},{"value":"post:wheelchair:35590","type":"post","subtype":"wheelchair","id":"35590"}],"app_templates_home_page_product_slider_spare_parts":[],"app_templates_home_page_product_slider_all":[{"value":"post:wheelchair:41065","type":"post","subtype":"wheelchair","id":"41065"},{"value":"post:wheelchair:37895","type":"post","subtype":"wheelchair","id":"37895"},{"value":"post:wheelchair:41066","type":"post","subtype":"wheelchair","id":"41066"},{"value":"post:wheelchair:94913","type":"post","subtype":"wheelchair","id":"94913"},{"value":"post:spare-part:31863","type":"post","subtype":"spare-part","id":"31863"},{"value":"post:spare-part:33861","type":"post","subtype":"spare-part","id":"33861"}],"app_templates_home_page_product_slider_hide_info":true,"app_templates_modules_top_banner_title":"","app_templates_modules_top_banner_body":"","app_templates_modules_top_banner_image":"","app_templates_modules_top_banner_color":"white","app_templates_modules_top_banner_overlay":true,"app_templates_modules_top_banner_hide":false,"app_templates_modules_modules_modules":[],"app_templates_modules_product_items_product":[],"_links":{"self":[{"href":"https:\/\/www.my-netti.com\/da\/wp-json\/wp\/v2\/pages\/29720","targetHints":{"allow":["GET"]}}],"collection":[{"href":"https:\/\/www.my-netti.com\/da\/wp-json\/wp\/v2\/pages"}],"about":[{"href":"https:\/\/www.my-netti.com\/da\/wp-json\/wp\/v2\/types\/page"}],"author":[{"embeddable":true,"href":"https:\/\/www.my-netti.com\/da\/wp-json\/wp\/v2\/users\/2"}],"replies":[{"embeddable":true,"href":"https:\/\/www.my-netti.com\/da\/wp-json\/wp\/v2\/comments?post=29720"}],"version-history":[{"count":116,"href":"https:\/\/www.my-netti.com\/da\/wp-json\/wp\/v2\/pages\/29720\/revisions"}],"predecessor-version":[{"id":118046,"href":"https:\/\/www.my-netti.com\/da\/wp-json\/wp\/v2\/pages\/29720\/revisions\/118046"}],"wp:attachment":[{"href":"https:\/\/www.my-netti.com\/da\/wp-json\/wp\/v2\/media?parent=29720"}],"curies":[{"name":"wp","href":"https:\/\/api.w.org\/{rel}","templated":true}]}}