{"id":16242,"date":"2020-01-17T08:31:43","date_gmt":"2020-01-17T07:31:43","guid":{"rendered":"https:\/\/www.my-netti.com\/the-netti-method\/"},"modified":"2020-06-08T12:45:49","modified_gmt":"2020-06-08T10:45:49","slug":"the-netti-method","status":"publish","type":"page","link":"https:\/\/www.my-netti.com\/da\/the-netti-method\/","title":{"rendered":"The Netti Method"},"content":{"rendered":"","protected":false},"excerpt":{"rendered":"","protected":false},"author":2,"featured_media":0,"parent":0,"menu_order":5,"comment_status":"closed","ping_status":"closed","template":"views\/template-modules.blade.php","meta":{"_seopress_robots_primary_cat":"","_seopress_titles_title":"","_seopress_titles_desc":"","_seopress_robots_index":"","_relevanssi_hide_post":"","_relevanssi_hide_content":"","_relevanssi_pin_for_all":"","_relevanssi_pin_keywords":"","_relevanssi_unpin_keywords":"","_relevanssi_related_keywords":"","_relevanssi_related_include_ids":"","_relevanssi_related_exclude_ids":"","_relevanssi_related_no_append":"","_relevanssi_related_not_related":"","_relevanssi_related_posts":"","_relevanssi_noindex_reason":"","footnotes":""},"class_list":["post-16242","page","type-page","status-publish","hentry"],"app_templates_compare_top_banner_title":"","app_templates_compare_top_banner_body":"","app_templates_compare_top_banner_image":"","app_templates_compare_top_banner_color":"white","app_templates_compare_top_banner_overlay":true,"app_templates_compare_top_banner_hide":false,"app_templates_cookie_policy_top_banner_title":"","app_templates_cookie_policy_top_banner_body":"","app_templates_cookie_policy_top_banner_image":"","app_templates_cookie_policy_top_banner_color":"white","app_templates_cookie_policy_top_banner_overlay":true,"app_templates_cookie_policy_top_banner_hide":false,"app_templates_home_page_home_banner_slides":[],"app_templates_home_page_home_banner_html":"","app_templates_home_page_link_boxes_boxes":[],"app_templates_home_page_link_boxes_cta_box_show_cta":true,"app_templates_home_page_link_boxes_cta_box_title":"","app_templates_home_page_link_boxes_cta_box_body":"","app_templates_home_page_link_boxes_cta_box_icon":"","app_templates_home_page_link_boxes_cta_box_link":{"value":"","url":"","anchor":"","blank":0},"app_templates_home_page_link_boxes_cta_box_html":"","app_templates_home_page_media_text_box_image":"","app_templates_home_page_media_text_box_full_width":false,"app_templates_home_page_media_text_box_pretitle":"","app_templates_home_page_media_text_box_title":"","app_templates_home_page_media_text_box_body":"","app_templates_home_page_media_text_box_link":{"value":"","url":"","anchor":"","blank":0},"app_templates_home_page_media_text_box_hide":false,"app_templates_home_page_article_slider_title":"Relaterede artikeler","app_templates_home_page_article_slider_show_latest":false,"app_templates_home_page_article_slider_articles":[],"app_templates_home_page_product_slider_title":"Relaterede produkter","app_templates_home_page_product_slider_product_kind":"wheelchairs","app_templates_home_page_product_slider_wheelchairs":[],"app_templates_home_page_product_slider_spare_parts":[],"app_templates_home_page_product_slider_all":[],"app_templates_home_page_product_slider_hide_info":false,"app_templates_modules_top_banner_title":" ","app_templates_modules_top_banner_body":"","app_templates_modules_top_banner_image":"31777","app_templates_modules_top_banner_color":"white","app_templates_modules_top_banner_overlay":false,"app_templates_modules_top_banner_hide":false,"app_templates_modules_modules_modules":[{"_type":"content","title":"The Netti Method","content":"<p id=\"tw-target-text\" class=\"tw-data-text tw-text-large XcVN5d tw-ta\" dir=\"ltr\" data-placeholder=\"Overs\u00e6ttelse\"><span lang=\"da\">Netti-metoden beskriver, hvordan vi hos Netti t\u00e6nker og handler, n\u00e5r vi skaber en siddel\u00f8sning til k\u00f8restolsbrugeren. Ideen bag Netti metoden er, at kun gennem viden og med de rigtige v\u00e6rkt\u00f8jer kan du skabe den l\u00f8sning, der giver brugeren mulighed for at v\u00e6re aktiv og socialisere sig - og dermed muligg\u00f8re <\/span>\u00a0\u201dJoy of Life\u201d.<\/p>\r\n<p id=\"tw-target-text\" class=\"tw-data-text tw-text-large XcVN5d tw-ta\" dir=\"ltr\" data-placeholder=\"Overs\u00e6ttelse\"><span lang=\"da\">Med Netti metoden kombinerer du viden fra Netti Campus med vores l\u00f8sningsorienterede guide 'The Netti 5 Seating Steps'. P\u00e5 den m\u00e5de har du den grundl\u00e6ggende viden og v\u00e6rkt\u00f8jer til at skabe den optimale siddel\u00f8sning.<\/span><\/p>","text_align":"text-center","columns":1},{"_type":"image","image":"43582"},{"_type":"media_text","title":"Netti Campus","body":"<p id=\"tw-target-text\" class=\"tw-data-text tw-text-large XcVN5d tw-ta\" dir=\"ltr\" data-placeholder=\"Overs\u00e6ttelse\">Under Netti Campus deler vi vores viden som seminarer, webinarer og online hj\u00e6lpemidler. Vi har opdelt vores viden i f\u00f8lgende hovedomr\u00e5der:<\/p>\r\n\r\n<ul>\r\n \t<li>Rammestruktur<\/li>\r\n \t<li>K\u00f8restolsbrugeren<\/li>\r\n \t<li>Siddepositionering<\/li>\r\n \t<li>Produkter<\/li>\r\n<\/ul>","image":"44385","image_link":{"value":"","url":"","anchor":"","blank":"0"},"link":{"value":"","url":"\/da\/om-netti-campus\/","anchor":"L\u00e6s mere om Netti Campus","blank":"0"},"circle":false,"direction":"flex-row"},{"_type":"media_text","title":"Netti 5 Seating Steps","body":"De 5 trin i \u201dThe Netti 5 seating steps\u201d er vejen mod en optimal sidestilling\r\n<ol>\r\n \t<li>Afklar forventninger og udfordringer<\/li>\r\n \t<li>Observ\u00e9r og vurd\u00e9r brugerens situation<\/li>\r\n \t<li>\r\n<p id=\"tw-target-text\" class=\"tw-data-text tw-text-large XcVN5d tw-ta\" dir=\"ltr\" data-placeholder=\"Overs\u00e6ttelse\"><span lang=\"da\">Definer siddestrategi og s\u00e6t SMART-m\u00e5l<\/span><\/p>\r\n<\/li>\r\n \t<li>Konfigurer siddel\u00f8sning<\/li>\r\n \t<li>Evaluer<\/li>\r\n<\/ol>","image":"43615","image_link":{"value":"","url":"","anchor":"","blank":"0"},"link":{"value":"","url":"\/da\/netti-5-seating-steps-guide\/","anchor":"Download Netti 5 Seating Steps guide","blank":"0"},"circle":false,"direction":"flex-row"}],"app_templates_modules_product_items_product":[],"_links":{"self":[{"href":"https:\/\/www.my-netti.com\/da\/wp-json\/wp\/v2\/pages\/16242","targetHints":{"allow":["GET"]}}],"collection":[{"href":"https:\/\/www.my-netti.com\/da\/wp-json\/wp\/v2\/pages"}],"about":[{"href":"https:\/\/www.my-netti.com\/da\/wp-json\/wp\/v2\/types\/page"}],"author":[{"embeddable":true,"href":"https:\/\/www.my-netti.com\/da\/wp-json\/wp\/v2\/users\/2"}],"replies":[{"embeddable":true,"href":"https:\/\/www.my-netti.com\/da\/wp-json\/wp\/v2\/comments?post=16242"}],"version-history":[{"count":34,"href":"https:\/\/www.my-netti.com\/da\/wp-json\/wp\/v2\/pages\/16242\/revisions"}],"predecessor-version":[{"id":44901,"href":"https:\/\/www.my-netti.com\/da\/wp-json\/wp\/v2\/pages\/16242\/revisions\/44901"}],"wp:attachment":[{"href":"https:\/\/www.my-netti.com\/da\/wp-json\/wp\/v2\/media?parent=16242"}],"curies":[{"name":"wp","href":"https:\/\/api.w.org\/{rel}","templated":true}]}}